{"id":1260,"date":"2023-01-23T10:26:11","date_gmt":"2023-01-23T09:26:11","guid":{"rendered":"https:\/\/neu.erika-lang.at\/?page_id=1260"},"modified":"2023-10-05T16:22:21","modified_gmt":"2023-10-05T14:22:21","slug":"mentions-legales","status":"publish","type":"page","link":"https:\/\/www.erika-lang.at\/fr\/mentions-legales\/","title":{"rendered":"Mentions l\u00e9gales"},"content":{"rendered":"\t\t<div data-elementor-type=\"wp-page\" data-elementor-id=\"1260\" class=\"elementor elementor-1260\">\n\t\t\t\t\t\t<section class=\"elementor-section elementor-top-section elementor-element elementor-element-d9b61a3 elementor-section-boxed elementor-section-height-default elementor-section-height-default\" data-id=\"d9b61a3\" data-element_type=\"section\">\n\t\t\t\t\t\t<div class=\"elementor-container elementor-column-gap-default\">\n\t\t\t\t\t<div class=\"elementor-column elementor-col-100 elementor-top-column elementor-element elementor-element-8b5859c\" data-id=\"8b5859c\" data-element_type=\"column\">\n\t\t\t<div class=\"elementor-widget-wrap elementor-element-populated\">\n\t\t\t\t\t\t<div class=\"elementor-element elementor-element-11c7d2e entry-title elementor-widget elementor-widget-heading\" data-id=\"11c7d2e\" data-element_type=\"widget\" data-widget_type=\"heading.default\">\n\t\t\t\t<div class=\"elementor-widget-container\">\n\t\t\t<h1 class=\"elementor-heading-title elementor-size-default\">Mentions l\u00e9gales<\/h1>\t\t<\/div>\n\t\t\t\t<\/div>\n\t\t\t\t<div class=\"elementor-element elementor-element-a39d8c4 elementor-widget__width-initial elementor-widget elementor-widget-text-editor\" data-id=\"a39d8c4\" data-element_type=\"widget\" data-widget_type=\"text-editor.default\">\n\t\t\t\t<div class=\"elementor-widget-container\">\n\t\t\t\t\t\t\t<h2>Fournisseur de services et propri\u00e9taire du m\u00e9dia<\/h2><p>Erika Lang<br \/>Edeltraud Hofer Stra\u00dfe 20<br \/>4020 Linz<\/p><p><a href=\"mailto:l.erika@gmx.at\">l.erika@gmx.at<\/a><br \/><a href=\"tel: +43 699 8182 21525\">+43 699 8182 1525 <\/a><\/p><p><strong>UID Nummer:\u00a0<\/strong>ATU75537509<\/p><p><span style=\"text-align: var(--bs-body-text-align);\"><strong>Commerce:<\/strong> toutes les informations sur le commerce sont disponibles sur le site de la <a href=\"https:\/\/firmen.wko.at\/Web\/DetailsKontakt.aspx?FirmaID=d322d3fc-4444-4d4a-ab7f-f522625596c4&amp;StandortID=62&amp;StandortName=Linz%20%28Stadt%29%20%28Bezirk%29&amp;Suchbegriff=erika%20lang&amp;Page=1\" data-brz-link-type=\"external\">WKO<\/a> (chambre de commerce)<\/span><\/p><h2>Responsable du contenu du site<\/h2><p>Erika Lang<br \/>Edeltraud Hofer Stra\u00dfe 20<br \/>4020 Linz<\/p><p>l.erika@gmx.at<br \/>+43 699 8182 1525<\/p><h2>R\u00e9alisation du site web<\/h2><p>Photographie: <a href=\"https:\/\/www.robertmaybach.com\" target=\"_blank\" rel=\"noopener\">Robert Maybach<\/a><\/p><p>Text: <a href=\"https:\/\/www.ribisel.eu\/medien-suess-sauer\/\" target=\"_blank\" rel=\"noopener\">Claudia Riedler-Bittermann<\/a><br \/>Mise en page\/Cr\u00e9ation d&rsquo;\u00e9cran: <a href=\"https:\/\/www.linkedin.com\/in\/bernhard-kronberger-664614146\/\" target=\"_blank\" rel=\"noopener\">Bernhard Kronberger\/fluoreszent Visuelle Identity<\/a><\/p><p>Video: <a href=\"https:\/\/www.vitalakademie.at\/mag-reinhard-zach\" target=\"_blank\" rel=\"noopener\">Reinhard Zach<\/a><\/p><p>Pr\u00e9paration des films et doublage: <a href=\"https:\/\/www.linkedin.com\/in\/bernhard-kronberger-664614146\/\" target=\"_blank\" rel=\"noopener\">Bernhard Kronberger<\/a><\/p><p>Cr\u00e9ation de m\u00e9dias sociaux: <a href=\"https:\/\/www.instagram.com\/sophie_lehner_\/?igshid=YmMyMTA2M2Y\" target=\"_blank\" rel=\"noopener\">Sophie Lehner<\/a><\/p><p>R\u00e9alisation technique: <a href=\"https:\/\/www.pixelstuermer.at\/\" target=\"_blank\" rel=\"noopener\">Pixelst\u00fcrmer\u00a0<\/a><\/p>\t\t\t\t\t\t<\/div>\n\t\t\t\t<\/div>\n\t\t\t\t\t<\/div>\n\t\t<\/div>\n\t\t\t\t\t<\/div>\n\t\t<\/section>\n\t\t\t\t<\/div>\n\t\t","protected":false},"excerpt":{"rendered":"<p>Mentions l\u00e9gales Fournisseur de services et propri\u00e9taire du m\u00e9dia Erika LangEdeltraud Hofer Stra\u00dfe 204020 Linz l.erika@gmx.at+43 699 8182 1525 UID Nummer:\u00a0ATU75537509 Commerce: toutes les informations sur le commerce sont disponibles sur le site de la WKO (chambre de commerce) Responsable du contenu du site Erika LangEdeltraud Hofer Stra\u00dfe 204020 Linz l.erika@gmx.at+43 699 8182 1525 R\u00e9alisation [&hellip;]<\/p>\n","protected":false},"author":1,"featured_media":0,"parent":0,"menu_order":0,"comment_status":"closed","ping_status":"closed","template":"","meta":{"_acf_changed":false,"footnotes":""},"class_list":["post-1260","page","type-page","status-publish","hentry"],"acf":[],"yoast_head":"<!-- This site is optimized with the Yoast SEO plugin v23.4 - https:\/\/yoast.com\/wordpress\/plugins\/seo\/ -->\n<title>Mentions l\u00e9gales | ERIKA LANG Design<\/title>\n<meta name=\"robots\" content=\"index, follow, max-snippet:-1, max-image-preview:large, max-video-preview:-1\" \/>\n<link rel=\"canonical\" href=\"https:\/\/www.erika-lang.at\/fr\/mentions-legales\/\" \/>\n<meta property=\"og:locale\" content=\"fr_FR\" \/>\n<meta property=\"og:type\" content=\"article\" \/>\n<meta property=\"og:title\" content=\"Mentions l\u00e9gales | ERIKA LANG Design\" \/>\n<meta property=\"og:description\" content=\"Mentions l\u00e9gales Fournisseur de services et propri\u00e9taire du m\u00e9dia Erika LangEdeltraud Hofer Stra\u00dfe 204020 Linz l.erika@gmx.at+43 699 8182 1525 UID Nummer:\u00a0ATU75537509 Commerce: toutes les informations sur le commerce sont disponibles sur le site de la WKO (chambre de commerce) Responsable du contenu du site Erika LangEdeltraud Hofer Stra\u00dfe 204020 Linz l.erika@gmx.at+43 699 8182 1525 R\u00e9alisation [&hellip;]\" \/>\n<meta property=\"og:url\" content=\"https:\/\/www.erika-lang.at\/fr\/mentions-legales\/\" \/>\n<meta property=\"og:site_name\" content=\"ERIKA LANG Design\" \/>\n<meta property=\"article:publisher\" content=\"https:\/\/www.facebook.com\/people\/Erika-Lang\/100005962758150\/\" \/>\n<meta property=\"article:modified_time\" content=\"2023-10-05T14:22:21+00:00\" \/>\n<meta property=\"og:image\" content=\"https:\/\/www.erika-lang.at\/wp-content\/uploads\/2023\/01\/handwerkerin_herobild.jpg\" \/>\n\t<meta property=\"og:image:width\" content=\"1640\" \/>\n\t<meta property=\"og:image:height\" content=\"922\" \/>\n\t<meta property=\"og:image:type\" content=\"image\/jpeg\" \/>\n<meta name=\"twitter:card\" content=\"summary_large_image\" \/>\n<meta name=\"twitter:label1\" content=\"Dur\u00e9e de lecture estim\u00e9e\" \/>\n\t<meta name=\"twitter:data1\" content=\"1 minute\" \/>\n<script type=\"application\/ld+json\" class=\"yoast-schema-graph\">{\"@context\":\"https:\/\/schema.org\",\"@graph\":[{\"@type\":\"WebPage\",\"@id\":\"https:\/\/www.erika-lang.at\/fr\/mentions-legales\/\",\"url\":\"https:\/\/www.erika-lang.at\/fr\/mentions-legales\/\",\"name\":\"Mentions l\u00e9gales | ERIKA LANG Design\",\"isPartOf\":{\"@id\":\"https:\/\/www.erika-lang.at\/fr\/#website\"},\"datePublished\":\"2023-01-23T09:26:11+00:00\",\"dateModified\":\"2023-10-05T14:22:21+00:00\",\"breadcrumb\":{\"@id\":\"https:\/\/www.erika-lang.at\/fr\/mentions-legales\/#breadcrumb\"},\"inLanguage\":\"fr-FR\",\"potentialAction\":[{\"@type\":\"ReadAction\",\"target\":[\"https:\/\/www.erika-lang.at\/fr\/mentions-legales\/\"]}]},{\"@type\":\"BreadcrumbList\",\"@id\":\"https:\/\/www.erika-lang.at\/fr\/mentions-legales\/#breadcrumb\",\"itemListElement\":[{\"@type\":\"ListItem\",\"position\":1,\"name\":\"Startseite\",\"item\":\"https:\/\/www.erika-lang.at\/fr\/\"},{\"@type\":\"ListItem\",\"position\":2,\"name\":\"Mentions l\u00e9gales\"}]},{\"@type\":\"WebSite\",\"@id\":\"https:\/\/www.erika-lang.at\/fr\/#website\",\"url\":\"https:\/\/www.erika-lang.at\/fr\/\",\"name\":\"ERIKA LANG Design\",\"description\":\"\",\"publisher\":{\"@id\":\"https:\/\/www.erika-lang.at\/fr\/#organization\"},\"potentialAction\":[{\"@type\":\"SearchAction\",\"target\":{\"@type\":\"EntryPoint\",\"urlTemplate\":\"https:\/\/www.erika-lang.at\/fr\/?s={search_term_string}\"},\"query-input\":{\"@type\":\"PropertyValueSpecification\",\"valueRequired\":true,\"valueName\":\"search_term_string\"}}],\"inLanguage\":\"fr-FR\"},{\"@type\":\"Organization\",\"@id\":\"https:\/\/www.erika-lang.at\/fr\/#organization\",\"name\":\"ERIKA LANG\",\"url\":\"https:\/\/www.erika-lang.at\/fr\/\",\"logo\":{\"@type\":\"ImageObject\",\"inLanguage\":\"fr-FR\",\"@id\":\"https:\/\/www.erika-lang.at\/fr\/#\/schema\/logo\/image\/\",\"url\":\"https:\/\/www.erika-lang.at\/wp-content\/uploads\/2023\/01\/logo_erika_lang.svg\",\"contentUrl\":\"https:\/\/www.erika-lang.at\/wp-content\/uploads\/2023\/01\/logo_erika_lang.svg\",\"caption\":\"ERIKA LANG\"},\"image\":{\"@id\":\"https:\/\/www.erika-lang.at\/fr\/#\/schema\/logo\/image\/\"},\"sameAs\":[\"https:\/\/www.facebook.com\/people\/Erika-Lang\/100005962758150\/\",\"https:\/\/www.instagram.com\/lang_erika\/\"]}]}<\/script>\n<!-- \/ Yoast SEO plugin. -->","yoast_head_json":{"title":"Mentions l\u00e9gales | ERIKA LANG Design","robots":{"index":"index","follow":"follow","max-snippet":"max-snippet:-1","max-image-preview":"max-image-preview:large","max-video-preview":"max-video-preview:-1"},"canonical":"https:\/\/www.erika-lang.at\/fr\/mentions-legales\/","og_locale":"fr_FR","og_type":"article","og_title":"Mentions l\u00e9gales | ERIKA LANG Design","og_description":"Mentions l\u00e9gales Fournisseur de services et propri\u00e9taire du m\u00e9dia Erika LangEdeltraud Hofer Stra\u00dfe 204020 Linz l.erika@gmx.at+43 699 8182 1525 UID Nummer:\u00a0ATU75537509 Commerce: toutes les informations sur le commerce sont disponibles sur le site de la WKO (chambre de commerce) Responsable du contenu du site Erika LangEdeltraud Hofer Stra\u00dfe 204020 Linz l.erika@gmx.at+43 699 8182 1525 R\u00e9alisation [&hellip;]","og_url":"https:\/\/www.erika-lang.at\/fr\/mentions-legales\/","og_site_name":"ERIKA LANG Design","article_publisher":"https:\/\/www.facebook.com\/people\/Erika-Lang\/100005962758150\/","article_modified_time":"2023-10-05T14:22:21+00:00","og_image":[{"width":1640,"height":922,"url":"https:\/\/www.erika-lang.at\/wp-content\/uploads\/2023\/01\/handwerkerin_herobild.jpg","type":"image\/jpeg"}],"twitter_card":"summary_large_image","twitter_misc":{"Dur\u00e9e de lecture estim\u00e9e":"1 minute"},"schema":{"@context":"https:\/\/schema.org","@graph":[{"@type":"WebPage","@id":"https:\/\/www.erika-lang.at\/fr\/mentions-legales\/","url":"https:\/\/www.erika-lang.at\/fr\/mentions-legales\/","name":"Mentions l\u00e9gales | ERIKA LANG Design","isPartOf":{"@id":"https:\/\/www.erika-lang.at\/fr\/#website"},"datePublished":"2023-01-23T09:26:11+00:00","dateModified":"2023-10-05T14:22:21+00:00","breadcrumb":{"@id":"https:\/\/www.erika-lang.at\/fr\/mentions-legales\/#breadcrumb"},"inLanguage":"fr-FR","potentialAction":[{"@type":"ReadAction","target":["https:\/\/www.erika-lang.at\/fr\/mentions-legales\/"]}]},{"@type":"BreadcrumbList","@id":"https:\/\/www.erika-lang.at\/fr\/mentions-legales\/#breadcrumb","itemListElement":[{"@type":"ListItem","position":1,"name":"Startseite","item":"https:\/\/www.erika-lang.at\/fr\/"},{"@type":"ListItem","position":2,"name":"Mentions l\u00e9gales"}]},{"@type":"WebSite","@id":"https:\/\/www.erika-lang.at\/fr\/#website","url":"https:\/\/www.erika-lang.at\/fr\/","name":"ERIKA LANG Design","description":"","publisher":{"@id":"https:\/\/www.erika-lang.at\/fr\/#organization"},"potentialAction":[{"@type":"SearchAction","target":{"@type":"EntryPoint","urlTemplate":"https:\/\/www.erika-lang.at\/fr\/?s={search_term_string}"},"query-input":{"@type":"PropertyValueSpecification","valueRequired":true,"valueName":"search_term_string"}}],"inLanguage":"fr-FR"},{"@type":"Organization","@id":"https:\/\/www.erika-lang.at\/fr\/#organization","name":"ERIKA LANG","url":"https:\/\/www.erika-lang.at\/fr\/","logo":{"@type":"ImageObject","inLanguage":"fr-FR","@id":"https:\/\/www.erika-lang.at\/fr\/#\/schema\/logo\/image\/","url":"https:\/\/www.erika-lang.at\/wp-content\/uploads\/2023\/01\/logo_erika_lang.svg","contentUrl":"https:\/\/www.erika-lang.at\/wp-content\/uploads\/2023\/01\/logo_erika_lang.svg","caption":"ERIKA LANG"},"image":{"@id":"https:\/\/www.erika-lang.at\/fr\/#\/schema\/logo\/image\/"},"sameAs":["https:\/\/www.facebook.com\/people\/Erika-Lang\/100005962758150\/","https:\/\/www.instagram.com\/lang_erika\/"]}]}},"_links":{"self":[{"href":"https:\/\/www.erika-lang.at\/fr\/wp-json\/wp\/v2\/pages\/1260","targetHints":{"allow":["GET"]}}],"collection":[{"href":"https:\/\/www.erika-lang.at\/fr\/wp-json\/wp\/v2\/pages"}],"about":[{"href":"https:\/\/www.erika-lang.at\/fr\/wp-json\/wp\/v2\/types\/page"}],"author":[{"embeddable":true,"href":"https:\/\/www.erika-lang.at\/fr\/wp-json\/wp\/v2\/users\/1"}],"replies":[{"embeddable":true,"href":"https:\/\/www.erika-lang.at\/fr\/wp-json\/wp\/v2\/comments?post=1260"}],"version-history":[{"count":7,"href":"https:\/\/www.erika-lang.at\/fr\/wp-json\/wp\/v2\/pages\/1260\/revisions"}],"predecessor-version":[{"id":1325,"href":"https:\/\/www.erika-lang.at\/fr\/wp-json\/wp\/v2\/pages\/1260\/revisions\/1325"}],"wp:attachment":[{"href":"https:\/\/www.erika-lang.at\/fr\/wp-json\/wp\/v2\/media?parent=1260"}],"curies":[{"name":"wp","href":"https:\/\/api.w.org\/{rel}","templated":true}]}}