{"id":1296,"date":"2023-01-23T10:16:23","date_gmt":"2023-01-23T09:16:23","guid":{"rendered":"https:\/\/neu.erika-lang.at\/?page_id=1296"},"modified":"2023-10-05T16:22:05","modified_gmt":"2023-10-05T14:22:05","slug":"declaration-de-confidentialite","status":"publish","type":"page","link":"https:\/\/www.erika-lang.at\/fr\/declaration-de-confidentialite\/","title":{"rendered":"D\u00e9claration de confidentialit\u00e9"},"content":{"rendered":"\t\t<div data-elementor-type=\"wp-page\" data-elementor-id=\"1296\" class=\"elementor elementor-1296\">\n\t\t\t\t\t\t<section class=\"elementor-section elementor-top-section elementor-element elementor-element-703b06f3 elementor-section-boxed elementor-section-height-default elementor-section-height-default\" data-id=\"703b06f3\" data-element_type=\"section\">\n\t\t\t\t\t\t<div class=\"elementor-container elementor-column-gap-default\">\n\t\t\t\t\t<div class=\"elementor-column elementor-col-100 elementor-top-column elementor-element elementor-element-2161aae4\" data-id=\"2161aae4\" data-element_type=\"column\">\n\t\t\t<div class=\"elementor-widget-wrap elementor-element-populated\">\n\t\t\t\t\t\t<div class=\"elementor-element elementor-element-91c8e13 entry-title elementor-widget elementor-widget-heading\" data-id=\"91c8e13\" data-element_type=\"widget\" data-widget_type=\"heading.default\">\n\t\t\t\t<div class=\"elementor-widget-container\">\n\t\t\t<h1 class=\"elementor-heading-title elementor-size-default\">D\u00e9claration de confidentialit\u00e9<\/h1>\t\t<\/div>\n\t\t\t\t<\/div>\n\t\t\t\t<div class=\"elementor-element elementor-element-9100533 elementor-widget elementor-widget-text-editor\" data-id=\"9100533\" data-element_type=\"widget\" data-widget_type=\"text-editor.default\">\n\t\t\t\t<div class=\"elementor-widget-container\">\n\t\t\t\t\t\t\t<p><!-- wp:paragraph --><\/p>\n<p><b>La protection de vos donn\u00e9es personnelles nous tient particuli\u00e8rement \u00e0 c\u0153ur. C&rsquo;est pourquoi nous traitons vos donn\u00e9es exclusivement sur la base des dispositions l\u00e9gales (RGPD, TKG 2003). Dans ces informations sur la protection des donn\u00e9es, nous vous informons sur les aspects les plus importants du traitement des donn\u00e9es dans le cadre de notre site web. Ce site web est exploit\u00e9 par Erika Lang, ci-apr\u00e8s d\u00e9nomm\u00e9e \u00ab\u00a0nous\u00a0\u00bb, \u00ab\u00a0notre\u00a0\u00bb, ou exploitant du site web.<\/b><\/p>\n<p><!-- \/wp:paragraph --><!-- wp:heading --><\/p>\n<h2>Donn\u00e9es d&rsquo;acc\u00e8s<\/h2>\n<p><!-- \/wp:heading --><!-- wp:paragraph --><\/p>\n<p>L&rsquo;exploitant du site web recueille des donn\u00e9es sur les acc\u00e8s \u00e0 la page et les enregistre sous forme de \u00ab\u00a0fichiers journaux du serveur\u00a0\u00bb. Les donn\u00e9es suivantes sont alors enregistr\u00e9es:Site web visit\u00e9Heure au moment de l&rsquo;acc\u00e8sQuantit\u00e9 de donn\u00e9es envoy\u00e9es en octetsSource\/r\u00e9f\u00e9rence \u00e0 partir de laquelle vous avez acc\u00e9d\u00e9 \u00e0 la pageNavigateur utilis\u00e9Syst\u00e8me d&rsquo;exploitation utilis\u00e9Adresse IP utilis\u00e9eLes donn\u00e9es collect\u00e9es servent \u00e0 l&rsquo;\u00e9valuation statistique, \u00e0 l&rsquo;am\u00e9lioration du site web et \u00e0 la d\u00e9fense contre les attaques malveillantes.Les fichiers journaux du serveur sont r\u00e9guli\u00e8rement contr\u00f4l\u00e9s afin de d\u00e9tecter \u00e0 temps des indices concrets d&rsquo;une utilisation ill\u00e9gale (logiciels malveillants, malwares).<\/p>\n<p><!-- \/wp:paragraph --><!-- wp:heading --><\/p>\n<h2>Liens vers d&rsquo;autres sites web<\/h2>\n<p><!-- \/wp:heading --><!-- wp:paragraph --><\/p>\n<p>Sur notre site web, nous pla\u00e7ons \u00e9galement des liens vers d&rsquo;autres sites web ; ceci est uniquement \u00e0 titre d&rsquo;information. Ces sites ne sont pas sous notre contr\u00f4le et ne sont donc pas soumis aux dispositions de la pr\u00e9sente d\u00e9claration de confidentialit\u00e9. Toutefois, si vous activez un lien, il est possible que l&rsquo;exploitant de ce site web recueille des donn\u00e9es vous concernant et les traite conform\u00e9ment \u00e0 sa d\u00e9claration de protection des donn\u00e9es, qui peut diff\u00e9rer de la n\u00f4tre. Nous vous invitons \u00e0 toujours vous informer sur les dispositions actuelles en mati\u00e8re de protection des donn\u00e9es, y compris sur les sites web auxquels nous renvoyons.<\/p>\n<h2>Google Maps<\/h2>\n<p>Nous utilisons Google Maps sur notre site web pour afficher les diff\u00e9rentes succursales &lsquo;s Fachl. Si vous acceptez l&rsquo;utilisation de Google Maps, des donn\u00e9es d&rsquo;utilisation sont transmises \u00e0 Google. Vous pouvez consulter les conditions d&rsquo;utilisation de Google Maps ici :\u00a0<a href=\"https:\/\/www.google.com\/intl\/de_de\/help\/terms_maps\/\" target=\"_blank\" rel=\"noopener\">https:\/\/www.google.com\/intl\/de_de\/help\/terms_maps\/<\/a><\/p>\n<p><!-- \/wp:paragraph --><!-- wp:heading --><\/p>\n<h2>Vos droits<\/h2>\n<p><!-- \/wp:heading --><!-- wp:paragraph --><\/p>\n<p>Vous disposez en principe des droits d&rsquo;information, de rectification, d&rsquo;effacement, de limitation, de portabilit\u00e9 des donn\u00e9es, de r\u00e9vocation et d&rsquo;opposition. Si vous pensez que le traitement de vos donn\u00e9es enfreint la l\u00e9gislation sur la protection des donn\u00e9es ou que vos droits en mati\u00e8re de protection des donn\u00e9es ont \u00e9t\u00e9 viol\u00e9s d&rsquo;une autre mani\u00e8re, vous pouvez d\u00e9poser une plainte aupr\u00e8s de l&rsquo;autorit\u00e9 de surveillance. En Autriche, il s&rsquo;agit de l&rsquo;autorit\u00e9 autrichienne de protection des donn\u00e9es<br \/>Wickenburggasse 8<br \/>1080 Wien<br \/>dsb@dsb.gv.at<\/p>\n<p><!-- \/wp:paragraph --><!-- wp:heading --><\/p>\n<h2>Responsable de la protection des donn\u00e9es<\/h2>\n<p><!-- \/wp:heading --><!-- wp:paragraph --><\/p>\n<p>Erika Lang<br \/><a href=\"mailto:l.erika@gmx.at\">l.erika@gmx.at<\/a><br \/><a href=\"tel:+43699818221525\">+43 699 8182 21525<\/a><\/p>\n<p><!-- \/wp:paragraph --><\/p>\t\t\t\t\t\t<\/div>\n\t\t\t\t<\/div>\n\t\t\t\t\t<\/div>\n\t\t<\/div>\n\t\t\t\t\t<\/div>\n\t\t<\/section>\n\t\t\t\t<\/div>\n\t\t","protected":false},"excerpt":{"rendered":"<p>D\u00e9claration de confidentialit\u00e9 La protection de vos donn\u00e9es personnelles nous tient particuli\u00e8rement \u00e0 c\u0153ur. C&rsquo;est pourquoi nous traitons vos donn\u00e9es exclusivement sur la base des dispositions l\u00e9gales (RGPD, TKG 2003). Dans ces informations sur la protection des donn\u00e9es, nous vous informons sur les aspects les plus importants du traitement des donn\u00e9es dans le cadre de [&hellip;]<\/p>\n","protected":false},"author":1,"featured_media":0,"parent":0,"menu_order":0,"comment_status":"closed","ping_status":"closed","template":"","meta":{"_acf_changed":false,"footnotes":""},"class_list":["post-1296","page","type-page","status-publish","hentry"],"acf":[],"yoast_head":"<!-- This site is optimized with the Yoast SEO plugin v23.4 - https:\/\/yoast.com\/wordpress\/plugins\/seo\/ -->\n<title>D\u00e9claration de confidentialit\u00e9 | ERIKA LANG Design<\/title>\n<meta name=\"robots\" content=\"index, follow, max-snippet:-1, max-image-preview:large, max-video-preview:-1\" \/>\n<link rel=\"canonical\" href=\"https:\/\/www.erika-lang.at\/fr\/declaration-de-confidentialite\/\" \/>\n<meta property=\"og:locale\" content=\"fr_FR\" \/>\n<meta property=\"og:type\" content=\"article\" \/>\n<meta property=\"og:title\" content=\"D\u00e9claration de confidentialit\u00e9 | ERIKA LANG Design\" \/>\n<meta property=\"og:description\" content=\"D\u00e9claration de confidentialit\u00e9 La protection de vos donn\u00e9es personnelles nous tient particuli\u00e8rement \u00e0 c\u0153ur. C&rsquo;est pourquoi nous traitons vos donn\u00e9es exclusivement sur la base des dispositions l\u00e9gales (RGPD, TKG 2003). Dans ces informations sur la protection des donn\u00e9es, nous vous informons sur les aspects les plus importants du traitement des donn\u00e9es dans le cadre de [&hellip;]\" \/>\n<meta property=\"og:url\" content=\"https:\/\/www.erika-lang.at\/fr\/declaration-de-confidentialite\/\" \/>\n<meta property=\"og:site_name\" content=\"ERIKA LANG Design\" \/>\n<meta property=\"article:publisher\" content=\"https:\/\/www.facebook.com\/people\/Erika-Lang\/100005962758150\/\" \/>\n<meta property=\"article:modified_time\" content=\"2023-10-05T14:22:05+00:00\" \/>\n<meta property=\"og:image\" content=\"https:\/\/www.erika-lang.at\/wp-content\/uploads\/2023\/01\/handwerkerin_herobild.jpg\" \/>\n\t<meta property=\"og:image:width\" content=\"1640\" \/>\n\t<meta property=\"og:image:height\" content=\"922\" \/>\n\t<meta property=\"og:image:type\" content=\"image\/jpeg\" \/>\n<meta name=\"twitter:card\" content=\"summary_large_image\" \/>\n<meta name=\"twitter:label1\" content=\"Dur\u00e9e de lecture estim\u00e9e\" \/>\n\t<meta name=\"twitter:data1\" content=\"3 minutes\" \/>\n<script type=\"application\/ld+json\" class=\"yoast-schema-graph\">{\"@context\":\"https:\/\/schema.org\",\"@graph\":[{\"@type\":\"WebPage\",\"@id\":\"https:\/\/www.erika-lang.at\/fr\/declaration-de-confidentialite\/\",\"url\":\"https:\/\/www.erika-lang.at\/fr\/declaration-de-confidentialite\/\",\"name\":\"D\u00e9claration de confidentialit\u00e9 | ERIKA LANG Design\",\"isPartOf\":{\"@id\":\"https:\/\/www.erika-lang.at\/fr\/#website\"},\"datePublished\":\"2023-01-23T09:16:23+00:00\",\"dateModified\":\"2023-10-05T14:22:05+00:00\",\"breadcrumb\":{\"@id\":\"https:\/\/www.erika-lang.at\/fr\/declaration-de-confidentialite\/#breadcrumb\"},\"inLanguage\":\"fr-FR\",\"potentialAction\":[{\"@type\":\"ReadAction\",\"target\":[\"https:\/\/www.erika-lang.at\/fr\/declaration-de-confidentialite\/\"]}]},{\"@type\":\"BreadcrumbList\",\"@id\":\"https:\/\/www.erika-lang.at\/fr\/declaration-de-confidentialite\/#breadcrumb\",\"itemListElement\":[{\"@type\":\"ListItem\",\"position\":1,\"name\":\"Startseite\",\"item\":\"https:\/\/www.erika-lang.at\/fr\/\"},{\"@type\":\"ListItem\",\"position\":2,\"name\":\"D\u00e9claration de confidentialit\u00e9\"}]},{\"@type\":\"WebSite\",\"@id\":\"https:\/\/www.erika-lang.at\/fr\/#website\",\"url\":\"https:\/\/www.erika-lang.at\/fr\/\",\"name\":\"ERIKA LANG Design\",\"description\":\"\",\"publisher\":{\"@id\":\"https:\/\/www.erika-lang.at\/fr\/#organization\"},\"potentialAction\":[{\"@type\":\"SearchAction\",\"target\":{\"@type\":\"EntryPoint\",\"urlTemplate\":\"https:\/\/www.erika-lang.at\/fr\/?s={search_term_string}\"},\"query-input\":{\"@type\":\"PropertyValueSpecification\",\"valueRequired\":true,\"valueName\":\"search_term_string\"}}],\"inLanguage\":\"fr-FR\"},{\"@type\":\"Organization\",\"@id\":\"https:\/\/www.erika-lang.at\/fr\/#organization\",\"name\":\"ERIKA LANG\",\"url\":\"https:\/\/www.erika-lang.at\/fr\/\",\"logo\":{\"@type\":\"ImageObject\",\"inLanguage\":\"fr-FR\",\"@id\":\"https:\/\/www.erika-lang.at\/fr\/#\/schema\/logo\/image\/\",\"url\":\"https:\/\/www.erika-lang.at\/wp-content\/uploads\/2023\/01\/logo_erika_lang.svg\",\"contentUrl\":\"https:\/\/www.erika-lang.at\/wp-content\/uploads\/2023\/01\/logo_erika_lang.svg\",\"caption\":\"ERIKA LANG\"},\"image\":{\"@id\":\"https:\/\/www.erika-lang.at\/fr\/#\/schema\/logo\/image\/\"},\"sameAs\":[\"https:\/\/www.facebook.com\/people\/Erika-Lang\/100005962758150\/\",\"https:\/\/www.instagram.com\/lang_erika\/\"]}]}<\/script>\n<!-- \/ Yoast SEO plugin. -->","yoast_head_json":{"title":"D\u00e9claration de confidentialit\u00e9 | ERIKA LANG Design","robots":{"index":"index","follow":"follow","max-snippet":"max-snippet:-1","max-image-preview":"max-image-preview:large","max-video-preview":"max-video-preview:-1"},"canonical":"https:\/\/www.erika-lang.at\/fr\/declaration-de-confidentialite\/","og_locale":"fr_FR","og_type":"article","og_title":"D\u00e9claration de confidentialit\u00e9 | ERIKA LANG Design","og_description":"D\u00e9claration de confidentialit\u00e9 La protection de vos donn\u00e9es personnelles nous tient particuli\u00e8rement \u00e0 c\u0153ur. C&rsquo;est pourquoi nous traitons vos donn\u00e9es exclusivement sur la base des dispositions l\u00e9gales (RGPD, TKG 2003). Dans ces informations sur la protection des donn\u00e9es, nous vous informons sur les aspects les plus importants du traitement des donn\u00e9es dans le cadre de [&hellip;]","og_url":"https:\/\/www.erika-lang.at\/fr\/declaration-de-confidentialite\/","og_site_name":"ERIKA LANG Design","article_publisher":"https:\/\/www.facebook.com\/people\/Erika-Lang\/100005962758150\/","article_modified_time":"2023-10-05T14:22:05+00:00","og_image":[{"width":1640,"height":922,"url":"https:\/\/www.erika-lang.at\/wp-content\/uploads\/2023\/01\/handwerkerin_herobild.jpg","type":"image\/jpeg"}],"twitter_card":"summary_large_image","twitter_misc":{"Dur\u00e9e de lecture estim\u00e9e":"3 minutes"},"schema":{"@context":"https:\/\/schema.org","@graph":[{"@type":"WebPage","@id":"https:\/\/www.erika-lang.at\/fr\/declaration-de-confidentialite\/","url":"https:\/\/www.erika-lang.at\/fr\/declaration-de-confidentialite\/","name":"D\u00e9claration de confidentialit\u00e9 | ERIKA LANG Design","isPartOf":{"@id":"https:\/\/www.erika-lang.at\/fr\/#website"},"datePublished":"2023-01-23T09:16:23+00:00","dateModified":"2023-10-05T14:22:05+00:00","breadcrumb":{"@id":"https:\/\/www.erika-lang.at\/fr\/declaration-de-confidentialite\/#breadcrumb"},"inLanguage":"fr-FR","potentialAction":[{"@type":"ReadAction","target":["https:\/\/www.erika-lang.at\/fr\/declaration-de-confidentialite\/"]}]},{"@type":"BreadcrumbList","@id":"https:\/\/www.erika-lang.at\/fr\/declaration-de-confidentialite\/#breadcrumb","itemListElement":[{"@type":"ListItem","position":1,"name":"Startseite","item":"https:\/\/www.erika-lang.at\/fr\/"},{"@type":"ListItem","position":2,"name":"D\u00e9claration de confidentialit\u00e9"}]},{"@type":"WebSite","@id":"https:\/\/www.erika-lang.at\/fr\/#website","url":"https:\/\/www.erika-lang.at\/fr\/","name":"ERIKA LANG Design","description":"","publisher":{"@id":"https:\/\/www.erika-lang.at\/fr\/#organization"},"potentialAction":[{"@type":"SearchAction","target":{"@type":"EntryPoint","urlTemplate":"https:\/\/www.erika-lang.at\/fr\/?s={search_term_string}"},"query-input":{"@type":"PropertyValueSpecification","valueRequired":true,"valueName":"search_term_string"}}],"inLanguage":"fr-FR"},{"@type":"Organization","@id":"https:\/\/www.erika-lang.at\/fr\/#organization","name":"ERIKA LANG","url":"https:\/\/www.erika-lang.at\/fr\/","logo":{"@type":"ImageObject","inLanguage":"fr-FR","@id":"https:\/\/www.erika-lang.at\/fr\/#\/schema\/logo\/image\/","url":"https:\/\/www.erika-lang.at\/wp-content\/uploads\/2023\/01\/logo_erika_lang.svg","contentUrl":"https:\/\/www.erika-lang.at\/wp-content\/uploads\/2023\/01\/logo_erika_lang.svg","caption":"ERIKA LANG"},"image":{"@id":"https:\/\/www.erika-lang.at\/fr\/#\/schema\/logo\/image\/"},"sameAs":["https:\/\/www.facebook.com\/people\/Erika-Lang\/100005962758150\/","https:\/\/www.instagram.com\/lang_erika\/"]}]}},"_links":{"self":[{"href":"https:\/\/www.erika-lang.at\/fr\/wp-json\/wp\/v2\/pages\/1296","targetHints":{"allow":["GET"]}}],"collection":[{"href":"https:\/\/www.erika-lang.at\/fr\/wp-json\/wp\/v2\/pages"}],"about":[{"href":"https:\/\/www.erika-lang.at\/fr\/wp-json\/wp\/v2\/types\/page"}],"author":[{"embeddable":true,"href":"https:\/\/www.erika-lang.at\/fr\/wp-json\/wp\/v2\/users\/1"}],"replies":[{"embeddable":true,"href":"https:\/\/www.erika-lang.at\/fr\/wp-json\/wp\/v2\/comments?post=1296"}],"version-history":[{"count":8,"href":"https:\/\/www.erika-lang.at\/fr\/wp-json\/wp\/v2\/pages\/1296\/revisions"}],"predecessor-version":[{"id":1324,"href":"https:\/\/www.erika-lang.at\/fr\/wp-json\/wp\/v2\/pages\/1296\/revisions\/1324"}],"wp:attachment":[{"href":"https:\/\/www.erika-lang.at\/fr\/wp-json\/wp\/v2\/media?parent=1296"}],"curies":[{"name":"wp","href":"https:\/\/api.w.org\/{rel}","templated":true}]}}