{"id":1309,"date":"2023-01-23T10:25:57","date_gmt":"2023-01-23T09:25:57","guid":{"rendered":"https:\/\/neu.erika-lang.at\/?page_id=1309"},"modified":"2024-09-23T11:03:20","modified_gmt":"2024-09-23T09:03:20","slug":"lartisan","status":"publish","type":"page","link":"https:\/\/www.erika-lang.at\/fr\/lartisan\/","title":{"rendered":"L&rsquo;artisan"},"content":{"rendered":"\t\t<div data-elementor-type=\"wp-page\" data-elementor-id=\"1309\" class=\"elementor elementor-1309\">\n\t\t\t\t\t\t<section class=\"elementor-section elementor-top-section elementor-element elementor-element-0a410e6 elementor-section-boxed elementor-section-height-default elementor-section-height-default\" data-id=\"0a410e6\" data-element_type=\"section\" data-settings=\"{&quot;background_background&quot;:&quot;classic&quot;}\">\n\t\t\t\t\t\t<div class=\"elementor-container elementor-column-gap-default\">\n\t\t\t\t\t<div class=\"elementor-column elementor-col-100 elementor-top-column elementor-element elementor-element-8ae084b\" data-id=\"8ae084b\" data-element_type=\"column\">\n\t\t\t<div class=\"elementor-widget-wrap elementor-element-populated\">\n\t\t\t\t\t\t<div class=\"elementor-element elementor-element-8b19378 elementor-widget elementor-widget-image\" data-id=\"8b19378\" data-element_type=\"widget\" data-widget_type=\"image.default\">\n\t\t\t\t<div class=\"elementor-widget-container\">\n\t\t\t\t\t\t\t\t\t\t\t\t\t<img fetchpriority=\"high\" decoding=\"async\" width=\"1640\" height=\"922\" src=\"https:\/\/www.erika-lang.at\/wp-content\/uploads\/2023\/01\/handwerkerin_herobild.jpg\" class=\"attachment-full size-full wp-image-366\" alt=\"\" srcset=\"https:\/\/www.erika-lang.at\/wp-content\/uploads\/2023\/01\/handwerkerin_herobild.jpg 1640w, https:\/\/www.erika-lang.at\/wp-content\/uploads\/2023\/01\/handwerkerin_herobild-300x169.jpg 300w, https:\/\/www.erika-lang.at\/wp-content\/uploads\/2023\/01\/handwerkerin_herobild-1024x576.jpg 1024w, https:\/\/www.erika-lang.at\/wp-content\/uploads\/2023\/01\/handwerkerin_herobild-768x432.jpg 768w, https:\/\/www.erika-lang.at\/wp-content\/uploads\/2023\/01\/handwerkerin_herobild-1536x864.jpg 1536w\" sizes=\"(max-width: 1640px) 100vw, 1640px\" \/>\t\t\t\t\t\t\t\t\t\t\t\t\t<\/div>\n\t\t\t\t<\/div>\n\t\t\t\t\t<\/div>\n\t\t<\/div>\n\t\t\t\t\t<\/div>\n\t\t<\/section>\n\t\t\t\t<section class=\"elementor-section elementor-top-section elementor-element elementor-element-b16ee59 elementor-section-boxed elementor-section-height-default elementor-section-height-default\" data-id=\"b16ee59\" data-element_type=\"section\" data-settings=\"{&quot;background_background&quot;:&quot;classic&quot;}\">\n\t\t\t\t\t\t<div class=\"elementor-container elementor-column-gap-default\">\n\t\t\t\t\t<div class=\"elementor-column elementor-col-100 elementor-top-column elementor-element elementor-element-3ca413e\" data-id=\"3ca413e\" data-element_type=\"column\">\n\t\t\t<div class=\"elementor-widget-wrap elementor-element-populated\">\n\t\t\t\t\t\t<div class=\"elementor-element elementor-element-a0f92b7 elementor-widget elementor-widget-heading\" data-id=\"a0f92b7\" data-element_type=\"widget\" data-widget_type=\"heading.default\">\n\t\t\t\t<div class=\"elementor-widget-container\">\n\t\t\t<h1 class=\"elementor-heading-title elementor-size-default\">De la globe-trotteuse \u00e0 la productrice\n<\/h1>\t\t<\/div>\n\t\t\t\t<\/div>\n\t\t\t\t<div class=\"elementor-element elementor-element-91d8ab8 elementor-widget elementor-widget-text-editor\" data-id=\"91d8ab8\" data-element_type=\"widget\" data-widget_type=\"text-editor.default\">\n\t\t\t\t<div class=\"elementor-widget-container\">\n\t\t\t\t\t\t\t<p><strong>Les machines \u00e0 coudre et les tissus me fascinaient d\u00e9j\u00e0 quand j\u2019\u00e9tais petite fille. J\u2019\u00e9tais d\u00e9j\u00e0 dou\u00e9e pour les travaux manuels, habile de mes doigts et tr\u00e8s cr\u00e9ative.<\/strong><\/p><p>Adolescente, j\u2019ai \u00e9galement produit des collages de photos avec des slogans tir\u00e9s de magazines et, bien plus tard, j\u2019ai fond\u00e9 mon premier label \u00ab Schabernack &amp; Huckepack \u00bb avec une amie. Nous produisions des trousses de toilette avec des slogans dessus. La couture \u00e9tait notre hobby.<\/p><p>Outre la couture, la sc\u00e8ne est ma grande passion. En 2005, j\u2019ai tout abandonn\u00e9 \u00e0 la maison et je suis partie en voyage pour me perfectionner dans le domaine du th\u00e9\u00e2tre et de la com\u00e9die. Je voulais trouver les meilleurs professeurs et d\u00e9couvrir le monde. Ce fut une v\u00e9ritable aventure ! J\u2019ai v\u00e9cu en Italie, en Sicile, \u00e0 Barcelone, \u00e0 Londres, en Islande et j\u2019ai suivi l\u2019\u00e9cole de clowns \u00e0 Ibiza.<\/p><p>Pendant un an, j\u2019ai appris le butoh, une sorte de danse-th\u00e9\u00e2tre japonaise, en Inde. Ensuite, je suis rentr\u00e9e chez moi et j\u2019ai \u00e9tabli mon \u00ab camp de base \u00bb \u00e0 Linz. C\u2019est l\u00e0 que j\u2019ai suivi des cours d\u2019art dramatique.<\/p><p>C\u2019est \u00e0 cette \u00e9poque que j\u2019ai commenc\u00e9 \u00e0 vendre mes produits et ceux de notre label \u00ab Schabernack &amp; Huckepack \u00bb. J\u2019ai particip\u00e9 plusieurs fois par an \u00e0 des march\u00e9s d\u2019art et de design et j\u2019y ai vendu mes produits. Souvent, je cousais jour et nuit. C\u2019\u00e9tait beaucoup de travail et un succ\u00e8s total.<\/p><p>J\u2019ai trouv\u00e9 mon premier tissu de coton avec un dessin de carte du monde \u00e0 Bruxelles. Pendant six mois, j\u2019ai suivi une autre formation sc\u00e9nique \u00e0 l\u2019Espace Catastrophe, un centre pour les arts du cirque. J\u2019ai continu\u00e9 \u00e0 voyager \u00e0 Calgary au Canada, j\u2019ai beaucoup cousu et j\u2019ai particip\u00e9 au march\u00e9 du design \u00ab Market Collectiv \u00bb.<\/p>\t\t\t\t\t\t<\/div>\n\t\t\t\t<\/div>\n\t\t\t\t\t<\/div>\n\t\t<\/div>\n\t\t\t\t\t<\/div>\n\t\t<\/section>\n\t\t\t\t<section class=\"elementor-section elementor-top-section elementor-element elementor-element-5aacfd3 elementor-section-boxed elementor-section-height-default elementor-section-height-default\" data-id=\"5aacfd3\" data-element_type=\"section\">\n\t\t\t\t\t\t<div class=\"elementor-container elementor-column-gap-default\">\n\t\t\t\t\t<div class=\"elementor-column elementor-col-100 elementor-top-column elementor-element elementor-element-240f7a5\" data-id=\"240f7a5\" data-element_type=\"column\">\n\t\t\t<div class=\"elementor-widget-wrap elementor-element-populated\">\n\t\t\t\t\t\t<div class=\"elementor-element elementor-element-78c6b8c elementor-widget elementor-widget-image\" data-id=\"78c6b8c\" data-element_type=\"widget\" data-widget_type=\"image.default\">\n\t\t\t\t<div class=\"elementor-widget-container\">\n\t\t\t\t\t\t\t\t\t\t\t\t\t<img decoding=\"async\" width=\"1636\" height=\"1893\" src=\"https:\/\/www.erika-lang.at\/wp-content\/uploads\/2023\/01\/handwerkerin_theaterposters_1_group.jpg\" class=\"attachment-full size-full wp-image-370\" alt=\"\" srcset=\"https:\/\/www.erika-lang.at\/wp-content\/uploads\/2023\/01\/handwerkerin_theaterposters_1_group.jpg 1636w, https:\/\/www.erika-lang.at\/wp-content\/uploads\/2023\/01\/handwerkerin_theaterposters_1_group-259x300.jpg 259w, https:\/\/www.erika-lang.at\/wp-content\/uploads\/2023\/01\/handwerkerin_theaterposters_1_group-885x1024.jpg 885w, https:\/\/www.erika-lang.at\/wp-content\/uploads\/2023\/01\/handwerkerin_theaterposters_1_group-768x889.jpg 768w, https:\/\/www.erika-lang.at\/wp-content\/uploads\/2023\/01\/handwerkerin_theaterposters_1_group-1327x1536.jpg 1327w\" sizes=\"(max-width: 1636px) 100vw, 1636px\" \/>\t\t\t\t\t\t\t\t\t\t\t\t\t<\/div>\n\t\t\t\t<\/div>\n\t\t\t\t<div class=\"elementor-element elementor-element-28f6d13 elementor-widget elementor-widget-image\" data-id=\"28f6d13\" data-element_type=\"widget\" data-widget_type=\"image.default\">\n\t\t\t\t<div class=\"elementor-widget-container\">\n\t\t\t\t\t\t\t\t\t\t\t\t\t<img decoding=\"async\" width=\"800\" height=\"1136\" src=\"https:\/\/www.erika-lang.at\/wp-content\/uploads\/2023\/01\/handwerkerin_theaterposters_2.jpg\" class=\"attachment-full size-full wp-image-371\" alt=\"\" srcset=\"https:\/\/www.erika-lang.at\/wp-content\/uploads\/2023\/01\/handwerkerin_theaterposters_2.jpg 800w, https:\/\/www.erika-lang.at\/wp-content\/uploads\/2023\/01\/handwerkerin_theaterposters_2-211x300.jpg 211w, https:\/\/www.erika-lang.at\/wp-content\/uploads\/2023\/01\/handwerkerin_theaterposters_2-721x1024.jpg 721w, https:\/\/www.erika-lang.at\/wp-content\/uploads\/2023\/01\/handwerkerin_theaterposters_2-768x1091.jpg 768w\" sizes=\"(max-width: 800px) 100vw, 800px\" \/>\t\t\t\t\t\t\t\t\t\t\t\t\t<\/div>\n\t\t\t\t<\/div>\n\t\t\t\t\t<\/div>\n\t\t<\/div>\n\t\t\t\t\t<\/div>\n\t\t<\/section>\n\t\t\t\t<section class=\"elementor-section elementor-top-section elementor-element elementor-element-cc75c7e elementor-section-boxed elementor-section-height-default elementor-section-height-default\" data-id=\"cc75c7e\" data-element_type=\"section\">\n\t\t\t\t\t\t<div class=\"elementor-container elementor-column-gap-default\">\n\t\t\t\t\t<div class=\"elementor-column elementor-col-100 elementor-top-column elementor-element elementor-element-31e711e\" data-id=\"31e711e\" data-element_type=\"column\">\n\t\t\t<div class=\"elementor-widget-wrap elementor-element-populated\">\n\t\t\t\t\t\t<div class=\"elementor-element elementor-element-29105c8 elementor-widget elementor-widget-text-editor\" data-id=\"29105c8\" data-element_type=\"widget\" data-widget_type=\"text-editor.default\">\n\t\t\t\t<div class=\"elementor-widget-container\">\n\t\t\t\t\t\t\t<p>Puis, pendant quelques ann\u00e9es, mes produits ont \u00e9galement fait leur entr\u00e9e au \u00abSalon Buntspecht\u00bb de Linz.<\/p><p>Depuis 2016, mes sacs, housses et sacs \u00e0 dos sont \u00e9galement disponibles chez \u2018s Fachl.<\/p><p>Pendant plusieurs ann\u00e9es, j\u2019ai \u00e9galement pu transmettre mes connaissances en mati\u00e8re de th\u00e9\u00e2tre et d\u2019expression cr\u00e9ative aux enfants de l\u2019accueil p\u00e9riscolaire des \u00e9coles primaires et secondaires. C\u2019\u00e9tait une bonne occasion de mettre \u00e0 profit mes comp\u00e9tences p\u00e9dagogiques. En effet, au d\u00e9but de ma carri\u00e8re, j\u2019ai suivi une formation d\u2019\u00e9ducatrice pour personnes handicap\u00e9es.<\/p><p>Mais la plupart du temps, il s\u2019agissait de couture et de th\u00e9\u00e2tre, de th\u00e9\u00e2tre et de couture. La machine \u00e0 coudre m\u2019accompagnait en permanence. Je concevais et produisais g\u00e9n\u00e9ralement moi-m\u00eame les accessoires des pi\u00e8ces de th\u00e9\u00e2tre que je mettais en sc\u00e8ne. Outre la cr\u00e9ation du th\u00e9\u00e2tre de masques \u00ab HOSENROCK \u00bb, le point culminant de mon art sc\u00e9nique a \u00e9t\u00e9 la com\u00e9die \u00ab Mensch, Mama ! \u00bb, une pi\u00e8ce solo de toute une soir\u00e9e que j\u2019ai d\u00e9velopp\u00e9e avec Nora Dirisamer et Claudia Tinta. C\u2019\u00e9tait en 2017 \u2013 apr\u00e8s cela, j\u2019ai pris une d\u00e9cision\u2026<\/p><p>&#8230; et depuis 2018, je suis artisane et productrice de textiles \u00e0 plein temps \u2013 un one-woman-<br \/>business.<\/p><p>La machine \u00e0 coudre se trouve dans mon atelier \u00e0 Linz. Je couds tous les jours et je bricole de nouveaux produits. Je me passionne pour les tissus nobles, les combinaisons de couleurs et les designs s\u00e9lectionn\u00e9s.<\/p><p>C\u2019est tr\u00e8s gratifiant de faire na\u00eetre quelque chose de ses propres mains. Je suis toujours \u00e9tonn\u00e9e de voir comment, \u00e0 partir d\u2019un simple morceau de tissu, la d\u00e9coupe, la couture et la cr\u00e9ativit\u00e9 donnent naissance \u00e0 un produit qui part en voyage depuis mon atelier.<\/p><p>Pour m\u2019equilibrer avec mon travail cr\u00e9atif, je fais des randonn\u00e9es dans la nature avec mon ami, nous dansons le lindy-hop et aimons cuisiner ensemble.<\/p>\t\t\t\t\t\t<\/div>\n\t\t\t\t<\/div>\n\t\t\t\t\t<\/div>\n\t\t<\/div>\n\t\t\t\t\t<\/div>\n\t\t<\/section>\n\t\t\t\t<section class=\"elementor-section elementor-top-section elementor-element elementor-element-aaa88f0 elementor-section-boxed elementor-section-height-default elementor-section-height-default\" data-id=\"aaa88f0\" data-element_type=\"section\" data-settings=\"{&quot;background_background&quot;:&quot;classic&quot;}\">\n\t\t\t\t\t\t<div class=\"elementor-container elementor-column-gap-default\">\n\t\t\t\t\t<div class=\"elementor-column elementor-col-100 elementor-top-column elementor-element elementor-element-94e7c27\" data-id=\"94e7c27\" data-element_type=\"column\">\n\t\t\t<div class=\"elementor-widget-wrap elementor-element-populated\">\n\t\t\t\t\t\t<div class=\"elementor-element elementor-element-164e897 elementor-widget elementor-widget-image\" data-id=\"164e897\" data-element_type=\"widget\" data-widget_type=\"image.default\">\n\t\t\t\t<div class=\"elementor-widget-container\">\n\t\t\t\t\t\t\t\t\t\t\t\t\t<img loading=\"lazy\" decoding=\"async\" width=\"560\" height=\"856\" src=\"https:\/\/www.erika-lang.at\/wp-content\/uploads\/2023\/01\/handwerkerin_pic_210802_Erika_Lang_01_0881.jpg\" class=\"attachment-full size-full wp-image-375\" alt=\"\" srcset=\"https:\/\/www.erika-lang.at\/wp-content\/uploads\/2023\/01\/handwerkerin_pic_210802_Erika_Lang_01_0881.jpg 560w, https:\/\/www.erika-lang.at\/wp-content\/uploads\/2023\/01\/handwerkerin_pic_210802_Erika_Lang_01_0881-196x300.jpg 196w\" sizes=\"(max-width: 560px) 100vw, 560px\" \/>\t\t\t\t\t\t\t\t\t\t\t\t\t<\/div>\n\t\t\t\t<\/div>\n\t\t\t\t\t<\/div>\n\t\t<\/div>\n\t\t\t\t\t<\/div>\n\t\t<\/section>\n\t\t\t\t<\/div>\n\t\t","protected":false},"excerpt":{"rendered":"<p>De la globe-trotteuse \u00e0 la productrice Les machines \u00e0 coudre et les tissus me fascinaient d\u00e9j\u00e0 quand j\u2019\u00e9tais petite fille. J\u2019\u00e9tais d\u00e9j\u00e0 dou\u00e9e pour les travaux manuels, habile de mes doigts et tr\u00e8s cr\u00e9ative. Adolescente, j\u2019ai \u00e9galement produit des collages de photos avec des slogans tir\u00e9s de magazines et, bien plus tard, j\u2019ai fond\u00e9 mon [&hellip;]<\/p>\n","protected":false},"author":1,"featured_media":0,"parent":0,"menu_order":0,"comment_status":"closed","ping_status":"closed","template":"","meta":{"_acf_changed":false,"footnotes":""},"class_list":["post-1309","page","type-page","status-publish","hentry"],"acf":[],"yoast_head":"<!-- This site is optimized with the Yoast SEO plugin v23.4 - https:\/\/yoast.com\/wordpress\/plugins\/seo\/ -->\n<title>L&#039;artisan | ERIKA LANG Design<\/title>\n<meta name=\"robots\" content=\"index, follow, max-snippet:-1, max-image-preview:large, max-video-preview:-1\" \/>\n<link rel=\"canonical\" href=\"https:\/\/www.erika-lang.at\/fr\/lartisan\/\" \/>\n<meta property=\"og:locale\" content=\"fr_FR\" \/>\n<meta property=\"og:type\" content=\"article\" \/>\n<meta property=\"og:title\" content=\"L&#039;artisan | ERIKA LANG Design\" \/>\n<meta property=\"og:description\" content=\"De la globe-trotteuse \u00e0 la productrice Les machines \u00e0 coudre et les tissus me fascinaient d\u00e9j\u00e0 quand j\u2019\u00e9tais petite fille. J\u2019\u00e9tais d\u00e9j\u00e0 dou\u00e9e pour les travaux manuels, habile de mes doigts et tr\u00e8s cr\u00e9ative. Adolescente, j\u2019ai \u00e9galement produit des collages de photos avec des slogans tir\u00e9s de magazines et, bien plus tard, j\u2019ai fond\u00e9 mon [&hellip;]\" \/>\n<meta property=\"og:url\" content=\"https:\/\/www.erika-lang.at\/fr\/lartisan\/\" \/>\n<meta property=\"og:site_name\" content=\"ERIKA LANG Design\" \/>\n<meta property=\"article:publisher\" content=\"https:\/\/www.facebook.com\/people\/Erika-Lang\/100005962758150\/\" \/>\n<meta property=\"article:modified_time\" content=\"2024-09-23T09:03:20+00:00\" \/>\n<meta property=\"og:image\" content=\"https:\/\/neu.erika-lang.at\/wp-content\/uploads\/2023\/01\/handwerkerin_herobild.jpg\" \/>\n<meta name=\"twitter:card\" content=\"summary_large_image\" \/>\n<meta name=\"twitter:label1\" content=\"Dur\u00e9e de lecture estim\u00e9e\" \/>\n\t<meta name=\"twitter:data1\" content=\"5 minutes\" \/>\n<script type=\"application\/ld+json\" class=\"yoast-schema-graph\">{\"@context\":\"https:\/\/schema.org\",\"@graph\":[{\"@type\":\"WebPage\",\"@id\":\"https:\/\/www.erika-lang.at\/fr\/lartisan\/\",\"url\":\"https:\/\/www.erika-lang.at\/fr\/lartisan\/\",\"name\":\"L'artisan | ERIKA LANG Design\",\"isPartOf\":{\"@id\":\"https:\/\/www.erika-lang.at\/fr\/#website\"},\"primaryImageOfPage\":{\"@id\":\"https:\/\/www.erika-lang.at\/fr\/lartisan\/#primaryimage\"},\"image\":{\"@id\":\"https:\/\/www.erika-lang.at\/fr\/lartisan\/#primaryimage\"},\"thumbnailUrl\":\"https:\/\/neu.erika-lang.at\/wp-content\/uploads\/2023\/01\/handwerkerin_herobild.jpg\",\"datePublished\":\"2023-01-23T09:25:57+00:00\",\"dateModified\":\"2024-09-23T09:03:20+00:00\",\"breadcrumb\":{\"@id\":\"https:\/\/www.erika-lang.at\/fr\/lartisan\/#breadcrumb\"},\"inLanguage\":\"fr-FR\",\"potentialAction\":[{\"@type\":\"ReadAction\",\"target\":[\"https:\/\/www.erika-lang.at\/fr\/lartisan\/\"]}]},{\"@type\":\"ImageObject\",\"inLanguage\":\"fr-FR\",\"@id\":\"https:\/\/www.erika-lang.at\/fr\/lartisan\/#primaryimage\",\"url\":\"https:\/\/neu.erika-lang.at\/wp-content\/uploads\/2023\/01\/handwerkerin_herobild.jpg\",\"contentUrl\":\"https:\/\/neu.erika-lang.at\/wp-content\/uploads\/2023\/01\/handwerkerin_herobild.jpg\"},{\"@type\":\"BreadcrumbList\",\"@id\":\"https:\/\/www.erika-lang.at\/fr\/lartisan\/#breadcrumb\",\"itemListElement\":[{\"@type\":\"ListItem\",\"position\":1,\"name\":\"Startseite\",\"item\":\"https:\/\/www.erika-lang.at\/fr\/\"},{\"@type\":\"ListItem\",\"position\":2,\"name\":\"L&#8217;artisan\"}]},{\"@type\":\"WebSite\",\"@id\":\"https:\/\/www.erika-lang.at\/fr\/#website\",\"url\":\"https:\/\/www.erika-lang.at\/fr\/\",\"name\":\"ERIKA LANG Design\",\"description\":\"\",\"publisher\":{\"@id\":\"https:\/\/www.erika-lang.at\/fr\/#organization\"},\"potentialAction\":[{\"@type\":\"SearchAction\",\"target\":{\"@type\":\"EntryPoint\",\"urlTemplate\":\"https:\/\/www.erika-lang.at\/fr\/?s={search_term_string}\"},\"query-input\":{\"@type\":\"PropertyValueSpecification\",\"valueRequired\":true,\"valueName\":\"search_term_string\"}}],\"inLanguage\":\"fr-FR\"},{\"@type\":\"Organization\",\"@id\":\"https:\/\/www.erika-lang.at\/fr\/#organization\",\"name\":\"ERIKA LANG\",\"url\":\"https:\/\/www.erika-lang.at\/fr\/\",\"logo\":{\"@type\":\"ImageObject\",\"inLanguage\":\"fr-FR\",\"@id\":\"https:\/\/www.erika-lang.at\/fr\/#\/schema\/logo\/image\/\",\"url\":\"https:\/\/www.erika-lang.at\/wp-content\/uploads\/2023\/01\/logo_erika_lang.svg\",\"contentUrl\":\"https:\/\/www.erika-lang.at\/wp-content\/uploads\/2023\/01\/logo_erika_lang.svg\",\"caption\":\"ERIKA LANG\"},\"image\":{\"@id\":\"https:\/\/www.erika-lang.at\/fr\/#\/schema\/logo\/image\/\"},\"sameAs\":[\"https:\/\/www.facebook.com\/people\/Erika-Lang\/100005962758150\/\",\"https:\/\/www.instagram.com\/lang_erika\/\"]}]}<\/script>\n<!-- \/ Yoast SEO plugin. -->","yoast_head_json":{"title":"L'artisan | ERIKA LANG Design","robots":{"index":"index","follow":"follow","max-snippet":"max-snippet:-1","max-image-preview":"max-image-preview:large","max-video-preview":"max-video-preview:-1"},"canonical":"https:\/\/www.erika-lang.at\/fr\/lartisan\/","og_locale":"fr_FR","og_type":"article","og_title":"L'artisan | ERIKA LANG Design","og_description":"De la globe-trotteuse \u00e0 la productrice Les machines \u00e0 coudre et les tissus me fascinaient d\u00e9j\u00e0 quand j\u2019\u00e9tais petite fille. J\u2019\u00e9tais d\u00e9j\u00e0 dou\u00e9e pour les travaux manuels, habile de mes doigts et tr\u00e8s cr\u00e9ative. Adolescente, j\u2019ai \u00e9galement produit des collages de photos avec des slogans tir\u00e9s de magazines et, bien plus tard, j\u2019ai fond\u00e9 mon [&hellip;]","og_url":"https:\/\/www.erika-lang.at\/fr\/lartisan\/","og_site_name":"ERIKA LANG Design","article_publisher":"https:\/\/www.facebook.com\/people\/Erika-Lang\/100005962758150\/","article_modified_time":"2024-09-23T09:03:20+00:00","og_image":[{"url":"https:\/\/neu.erika-lang.at\/wp-content\/uploads\/2023\/01\/handwerkerin_herobild.jpg"}],"twitter_card":"summary_large_image","twitter_misc":{"Dur\u00e9e de lecture estim\u00e9e":"5 minutes"},"schema":{"@context":"https:\/\/schema.org","@graph":[{"@type":"WebPage","@id":"https:\/\/www.erika-lang.at\/fr\/lartisan\/","url":"https:\/\/www.erika-lang.at\/fr\/lartisan\/","name":"L'artisan | ERIKA LANG Design","isPartOf":{"@id":"https:\/\/www.erika-lang.at\/fr\/#website"},"primaryImageOfPage":{"@id":"https:\/\/www.erika-lang.at\/fr\/lartisan\/#primaryimage"},"image":{"@id":"https:\/\/www.erika-lang.at\/fr\/lartisan\/#primaryimage"},"thumbnailUrl":"https:\/\/neu.erika-lang.at\/wp-content\/uploads\/2023\/01\/handwerkerin_herobild.jpg","datePublished":"2023-01-23T09:25:57+00:00","dateModified":"2024-09-23T09:03:20+00:00","breadcrumb":{"@id":"https:\/\/www.erika-lang.at\/fr\/lartisan\/#breadcrumb"},"inLanguage":"fr-FR","potentialAction":[{"@type":"ReadAction","target":["https:\/\/www.erika-lang.at\/fr\/lartisan\/"]}]},{"@type":"ImageObject","inLanguage":"fr-FR","@id":"https:\/\/www.erika-lang.at\/fr\/lartisan\/#primaryimage","url":"https:\/\/neu.erika-lang.at\/wp-content\/uploads\/2023\/01\/handwerkerin_herobild.jpg","contentUrl":"https:\/\/neu.erika-lang.at\/wp-content\/uploads\/2023\/01\/handwerkerin_herobild.jpg"},{"@type":"BreadcrumbList","@id":"https:\/\/www.erika-lang.at\/fr\/lartisan\/#breadcrumb","itemListElement":[{"@type":"ListItem","position":1,"name":"Startseite","item":"https:\/\/www.erika-lang.at\/fr\/"},{"@type":"ListItem","position":2,"name":"L&#8217;artisan"}]},{"@type":"WebSite","@id":"https:\/\/www.erika-lang.at\/fr\/#website","url":"https:\/\/www.erika-lang.at\/fr\/","name":"ERIKA LANG Design","description":"","publisher":{"@id":"https:\/\/www.erika-lang.at\/fr\/#organization"},"potentialAction":[{"@type":"SearchAction","target":{"@type":"EntryPoint","urlTemplate":"https:\/\/www.erika-lang.at\/fr\/?s={search_term_string}"},"query-input":{"@type":"PropertyValueSpecification","valueRequired":true,"valueName":"search_term_string"}}],"inLanguage":"fr-FR"},{"@type":"Organization","@id":"https:\/\/www.erika-lang.at\/fr\/#organization","name":"ERIKA LANG","url":"https:\/\/www.erika-lang.at\/fr\/","logo":{"@type":"ImageObject","inLanguage":"fr-FR","@id":"https:\/\/www.erika-lang.at\/fr\/#\/schema\/logo\/image\/","url":"https:\/\/www.erika-lang.at\/wp-content\/uploads\/2023\/01\/logo_erika_lang.svg","contentUrl":"https:\/\/www.erika-lang.at\/wp-content\/uploads\/2023\/01\/logo_erika_lang.svg","caption":"ERIKA LANG"},"image":{"@id":"https:\/\/www.erika-lang.at\/fr\/#\/schema\/logo\/image\/"},"sameAs":["https:\/\/www.facebook.com\/people\/Erika-Lang\/100005962758150\/","https:\/\/www.instagram.com\/lang_erika\/"]}]}},"_links":{"self":[{"href":"https:\/\/www.erika-lang.at\/fr\/wp-json\/wp\/v2\/pages\/1309","targetHints":{"allow":["GET"]}}],"collection":[{"href":"https:\/\/www.erika-lang.at\/fr\/wp-json\/wp\/v2\/pages"}],"about":[{"href":"https:\/\/www.erika-lang.at\/fr\/wp-json\/wp\/v2\/types\/page"}],"author":[{"embeddable":true,"href":"https:\/\/www.erika-lang.at\/fr\/wp-json\/wp\/v2\/users\/1"}],"replies":[{"embeddable":true,"href":"https:\/\/www.erika-lang.at\/fr\/wp-json\/wp\/v2\/comments?post=1309"}],"version-history":[{"count":16,"href":"https:\/\/www.erika-lang.at\/fr\/wp-json\/wp\/v2\/pages\/1309\/revisions"}],"predecessor-version":[{"id":1428,"href":"https:\/\/www.erika-lang.at\/fr\/wp-json\/wp\/v2\/pages\/1309\/revisions\/1428"}],"wp:attachment":[{"href":"https:\/\/www.erika-lang.at\/fr\/wp-json\/wp\/v2\/media?parent=1309"}],"curies":[{"name":"wp","href":"https:\/\/api.w.org\/{rel}","templated":true}]}}