{"id":1334,"date":"2023-01-23T10:26:03","date_gmt":"2023-01-23T09:26:03","guid":{"rendered":"https:\/\/neu.erika-lang.at\/?page_id=1334"},"modified":"2023-10-05T16:25:46","modified_gmt":"2023-10-05T14:25:46","slug":"contact","status":"publish","type":"page","link":"https:\/\/www.erika-lang.at\/fr\/contact\/","title":{"rendered":"Contact"},"content":{"rendered":"\t\t<div data-elementor-type=\"wp-page\" data-elementor-id=\"1334\" class=\"elementor elementor-1334\">\n\t\t\t\t\t\t<section class=\"elementor-section elementor-top-section elementor-element elementor-element-d1efebf elementor-section-boxed elementor-section-height-default elementor-section-height-default\" data-id=\"d1efebf\" data-element_type=\"section\" data-settings=\"{&quot;background_background&quot;:&quot;classic&quot;}\">\n\t\t\t\t\t\t<div class=\"elementor-container elementor-column-gap-default\">\n\t\t\t\t\t<div class=\"elementor-column elementor-col-100 elementor-top-column elementor-element elementor-element-082144c\" data-id=\"082144c\" data-element_type=\"column\">\n\t\t\t<div class=\"elementor-widget-wrap elementor-element-populated\">\n\t\t\t\t\t\t<div class=\"elementor-element elementor-element-35f742a elementor-widget elementor-widget-image\" data-id=\"35f742a\" data-element_type=\"widget\" data-widget_type=\"image.default\">\n\t\t\t\t<div class=\"elementor-widget-container\">\n\t\t\t\t\t\t\t\t\t\t\t\t\t<img fetchpriority=\"high\" decoding=\"async\" width=\"1640\" height=\"922\" src=\"https:\/\/www.erika-lang.at\/wp-content\/uploads\/2023\/01\/kontakt_herobild.jpg\" class=\"attachment-full size-full wp-image-400\" alt=\"\" srcset=\"https:\/\/www.erika-lang.at\/wp-content\/uploads\/2023\/01\/kontakt_herobild.jpg 1640w, https:\/\/www.erika-lang.at\/wp-content\/uploads\/2023\/01\/kontakt_herobild-300x169.jpg 300w, https:\/\/www.erika-lang.at\/wp-content\/uploads\/2023\/01\/kontakt_herobild-1024x576.jpg 1024w, https:\/\/www.erika-lang.at\/wp-content\/uploads\/2023\/01\/kontakt_herobild-768x432.jpg 768w, https:\/\/www.erika-lang.at\/wp-content\/uploads\/2023\/01\/kontakt_herobild-1536x864.jpg 1536w\" sizes=\"(max-width: 1640px) 100vw, 1640px\" \/>\t\t\t\t\t\t\t\t\t\t\t\t\t<\/div>\n\t\t\t\t<\/div>\n\t\t\t\t\t<\/div>\n\t\t<\/div>\n\t\t\t\t\t<\/div>\n\t\t<\/section>\n\t\t\t\t<section class=\"elementor-section elementor-top-section elementor-element elementor-element-5c73a85 elementor-section-boxed elementor-section-height-default elementor-section-height-default\" data-id=\"5c73a85\" data-element_type=\"section\">\n\t\t\t\t\t\t<div class=\"elementor-container elementor-column-gap-default\">\n\t\t\t\t\t<div class=\"elementor-column elementor-col-100 elementor-top-column elementor-element elementor-element-076d266\" data-id=\"076d266\" data-element_type=\"column\">\n\t\t\t<div class=\"elementor-widget-wrap elementor-element-populated\">\n\t\t\t\t\t\t<div class=\"elementor-element elementor-element-7ed3049 elementor-widget elementor-widget-heading\" data-id=\"7ed3049\" data-element_type=\"widget\" data-widget_type=\"heading.default\">\n\t\t\t\t<div class=\"elementor-widget-container\">\n\t\t\t<h1 class=\"elementor-heading-title elementor-size-default\">Suivez-moi sur Instagram &amp; Facebook<\/h1>\t\t<\/div>\n\t\t\t\t<\/div>\n\t\t\t\t<div class=\"elementor-element elementor-element-adb5713 elementor-widget elementor-widget-text-editor\" data-id=\"adb5713\" data-element_type=\"widget\" data-widget_type=\"text-editor.default\">\n\t\t\t\t<div class=\"elementor-widget-container\">\n\t\t\t\t\t\t\t<a href=\"https:\/\/www.instagram.com\/lang_erika\/\" target=\"_blank\" rel=\"noopener\"><img decoding=\"async\" class=\"alignnone wp-image-101\" src=\"https:\/\/www.erika-lang.at\/wp-content\/uploads\/2023\/01\/svg_icon_instagram_dgr.svg\" alt=\"\" width=\"50\" height=\"50\" \/><\/a> \u00a0 <a href=\"https:\/\/www.facebook.com\/profile.php?id=100005962758150\" target=\"_blank\" rel=\"noopener\"><img decoding=\"async\" class=\"alignnone wp-image-102\" src=\"https:\/\/www.erika-lang.at\/wp-content\/uploads\/2023\/01\/svg_icon_fbook_dgr.svg\" alt=\"\" width=\"20\" height=\"50\" \/><\/a>\t\t\t\t\t\t<\/div>\n\t\t\t\t<\/div>\n\t\t\t\t<div class=\"elementor-element elementor-element-3c44831 elementor-widget elementor-widget-heading\" data-id=\"3c44831\" data-element_type=\"widget\" data-widget_type=\"heading.default\">\n\t\t\t\t<div class=\"elementor-widget-container\">\n\t\t\t<h1 class=\"elementor-heading-title elementor-size-default\">Ou contacte-moi par mail\/t\u00e9l\u00e9phone<\/h1>\t\t<\/div>\n\t\t\t\t<\/div>\n\t\t\t\t<div class=\"elementor-element elementor-element-1491fc8 elementor-widget elementor-widget-text-editor\" data-id=\"1491fc8\" data-element_type=\"widget\" data-widget_type=\"text-editor.default\">\n\t\t\t\t<div class=\"elementor-widget-container\">\n\t\t\t\t\t\t\t<p>Erika Lang<br \/>T <a href=\"tel: +4369981821525\">+43 (0)699 81821525<\/a><br \/><a href=\"mailto:l.erika@gmx.at\">l.erika@gmx.at<\/a><\/p>\t\t\t\t\t\t<\/div>\n\t\t\t\t<\/div>\n\t\t\t\t<div class=\"elementor-element elementor-element-c922a2b elementor-align-center elementor-widget elementor-widget-button\" data-id=\"c922a2b\" data-element_type=\"widget\" data-widget_type=\"button.default\">\n\t\t\t\t<div class=\"elementor-widget-container\">\n\t\t\t\t\t<div class=\"elementor-button-wrapper\">\n\t\t\t<a class=\"elementor-button elementor-button-link elementor-size-lg\" href=\"https:\/\/www.etsy.com\/at\/shop\/ERIKALANGDESIGN\" target=\"_blank\">\n\t\t\t\t\t\t<span class=\"elementor-button-content-wrapper\">\n\t\t\t\t\t\t\t\t\t<span class=\"elementor-button-text\">FAIRE SES ACHATS DANS LA BOUTIQUE EN LIGNE<\/span>\n\t\t\t\t\t<\/span>\n\t\t\t\t\t<\/a>\n\t\t<\/div>\n\t\t\t\t<\/div>\n\t\t\t\t<\/div>\n\t\t\t\t<div class=\"elementor-element elementor-element-fb5356c elementor-widget elementor-widget-text-editor\" data-id=\"fb5356c\" data-element_type=\"widget\" data-widget_type=\"text-editor.default\">\n\t\t\t\t<div class=\"elementor-widget-container\">\n\t\t\t\t\t\t\t<p><strong>Tu es le bienvenu dans ma boutique en ligne!<\/strong><br \/>Chaque pi\u00e8ce est unique et fabriqu\u00e9e \u00e0 la main avec beaucoup de passion et d&rsquo;amour du d\u00e9tail.<\/p>\t\t\t\t\t\t<\/div>\n\t\t\t\t<\/div>\n\t\t\t\t\t<\/div>\n\t\t<\/div>\n\t\t\t\t\t<\/div>\n\t\t<\/section>\n\t\t\t\t<section class=\"elementor-section elementor-top-section elementor-element elementor-element-bc6314d elementor-section-boxed elementor-section-height-default elementor-section-height-default\" data-id=\"bc6314d\" data-element_type=\"section\" data-settings=\"{&quot;background_background&quot;:&quot;classic&quot;}\">\n\t\t\t\t\t\t<div class=\"elementor-container elementor-column-gap-default\">\n\t\t\t\t\t<div class=\"elementor-column elementor-col-100 elementor-top-column elementor-element elementor-element-d8c55da\" data-id=\"d8c55da\" data-element_type=\"column\">\n\t\t\t<div class=\"elementor-widget-wrap elementor-element-populated\">\n\t\t\t\t\t\t<div class=\"elementor-element elementor-element-0aad003 elementor-widget elementor-widget-image\" data-id=\"0aad003\" data-element_type=\"widget\" data-widget_type=\"image.default\">\n\t\t\t\t<div class=\"elementor-widget-container\">\n\t\t\t\t\t\t\t\t\t\t\t\t\t<img loading=\"lazy\" decoding=\"async\" width=\"660\" height=\"856\" src=\"https:\/\/www.erika-lang.at\/wp-content\/uploads\/2023\/01\/kontakt_pic_2.jpg\" class=\"attachment-full size-full wp-image-413\" alt=\"\" srcset=\"https:\/\/www.erika-lang.at\/wp-content\/uploads\/2023\/01\/kontakt_pic_2.jpg 660w, https:\/\/www.erika-lang.at\/wp-content\/uploads\/2023\/01\/kontakt_pic_2-231x300.jpg 231w\" sizes=\"(max-width: 660px) 100vw, 660px\" \/>\t\t\t\t\t\t\t\t\t\t\t\t\t<\/div>\n\t\t\t\t<\/div>\n\t\t\t\t\t<\/div>\n\t\t<\/div>\n\t\t\t\t\t<\/div>\n\t\t<\/section>\n\t\t\t\t<\/div>\n\t\t","protected":false},"excerpt":{"rendered":"<p>Suivez-moi sur Instagram &amp; Facebook \u00a0 Ou contacte-moi par mail\/t\u00e9l\u00e9phone Erika LangT +43 (0)699 81821525l.erika@gmx.at FAIRE SES ACHATS DANS LA BOUTIQUE EN LIGNE Tu es le bienvenu dans ma boutique en ligne!Chaque pi\u00e8ce est unique et fabriqu\u00e9e \u00e0 la main avec beaucoup de passion et d&rsquo;amour du d\u00e9tail.<\/p>\n","protected":false},"author":1,"featured_media":0,"parent":0,"menu_order":0,"comment_status":"closed","ping_status":"closed","template":"page.php","meta":{"_acf_changed":false,"footnotes":""},"class_list":["post-1334","page","type-page","status-publish","hentry"],"acf":[],"yoast_head":"<!-- This site is optimized with the Yoast SEO plugin v23.4 - https:\/\/yoast.com\/wordpress\/plugins\/seo\/ -->\n<title>Contact | ERIKA LANG Design<\/title>\n<meta name=\"robots\" content=\"index, follow, max-snippet:-1, max-image-preview:large, max-video-preview:-1\" \/>\n<link rel=\"canonical\" href=\"https:\/\/www.erika-lang.at\/fr\/contact\/\" \/>\n<meta property=\"og:locale\" content=\"fr_FR\" \/>\n<meta property=\"og:type\" content=\"article\" \/>\n<meta property=\"og:title\" content=\"Contact | ERIKA LANG Design\" \/>\n<meta property=\"og:description\" content=\"Suivez-moi sur Instagram &amp; Facebook \u00a0 Ou contacte-moi par mail\/t\u00e9l\u00e9phone Erika LangT +43 (0)699 81821525l.erika@gmx.at FAIRE SES ACHATS DANS LA BOUTIQUE EN LIGNE Tu es le bienvenu dans ma boutique en ligne!Chaque pi\u00e8ce est unique et fabriqu\u00e9e \u00e0 la main avec beaucoup de passion et d&rsquo;amour du d\u00e9tail.\" \/>\n<meta property=\"og:url\" content=\"https:\/\/www.erika-lang.at\/fr\/contact\/\" \/>\n<meta property=\"og:site_name\" content=\"ERIKA LANG Design\" \/>\n<meta property=\"article:publisher\" content=\"https:\/\/www.facebook.com\/people\/Erika-Lang\/100005962758150\/\" \/>\n<meta property=\"article:modified_time\" content=\"2023-10-05T14:25:46+00:00\" \/>\n<meta property=\"og:image\" content=\"https:\/\/neu.erika-lang.at\/wp-content\/uploads\/2023\/01\/kontakt_herobild.jpg\" \/>\n<meta name=\"twitter:card\" content=\"summary_large_image\" \/>\n<meta name=\"twitter:label1\" content=\"Dur\u00e9e de lecture estim\u00e9e\" \/>\n\t<meta name=\"twitter:data1\" content=\"2 minutes\" \/>\n<script type=\"application\/ld+json\" class=\"yoast-schema-graph\">{\"@context\":\"https:\/\/schema.org\",\"@graph\":[{\"@type\":\"WebPage\",\"@id\":\"https:\/\/www.erika-lang.at\/fr\/contact\/\",\"url\":\"https:\/\/www.erika-lang.at\/fr\/contact\/\",\"name\":\"Contact | ERIKA LANG Design\",\"isPartOf\":{\"@id\":\"https:\/\/www.erika-lang.at\/fr\/#website\"},\"primaryImageOfPage\":{\"@id\":\"https:\/\/www.erika-lang.at\/fr\/contact\/#primaryimage\"},\"image\":{\"@id\":\"https:\/\/www.erika-lang.at\/fr\/contact\/#primaryimage\"},\"thumbnailUrl\":\"https:\/\/neu.erika-lang.at\/wp-content\/uploads\/2023\/01\/kontakt_herobild.jpg\",\"datePublished\":\"2023-01-23T09:26:03+00:00\",\"dateModified\":\"2023-10-05T14:25:46+00:00\",\"breadcrumb\":{\"@id\":\"https:\/\/www.erika-lang.at\/fr\/contact\/#breadcrumb\"},\"inLanguage\":\"fr-FR\",\"potentialAction\":[{\"@type\":\"ReadAction\",\"target\":[\"https:\/\/www.erika-lang.at\/fr\/contact\/\"]}]},{\"@type\":\"ImageObject\",\"inLanguage\":\"fr-FR\",\"@id\":\"https:\/\/www.erika-lang.at\/fr\/contact\/#primaryimage\",\"url\":\"https:\/\/neu.erika-lang.at\/wp-content\/uploads\/2023\/01\/kontakt_herobild.jpg\",\"contentUrl\":\"https:\/\/neu.erika-lang.at\/wp-content\/uploads\/2023\/01\/kontakt_herobild.jpg\"},{\"@type\":\"BreadcrumbList\",\"@id\":\"https:\/\/www.erika-lang.at\/fr\/contact\/#breadcrumb\",\"itemListElement\":[{\"@type\":\"ListItem\",\"position\":1,\"name\":\"Startseite\",\"item\":\"https:\/\/www.erika-lang.at\/fr\/\"},{\"@type\":\"ListItem\",\"position\":2,\"name\":\"Contact\"}]},{\"@type\":\"WebSite\",\"@id\":\"https:\/\/www.erika-lang.at\/fr\/#website\",\"url\":\"https:\/\/www.erika-lang.at\/fr\/\",\"name\":\"ERIKA LANG Design\",\"description\":\"\",\"publisher\":{\"@id\":\"https:\/\/www.erika-lang.at\/fr\/#organization\"},\"potentialAction\":[{\"@type\":\"SearchAction\",\"target\":{\"@type\":\"EntryPoint\",\"urlTemplate\":\"https:\/\/www.erika-lang.at\/fr\/?s={search_term_string}\"},\"query-input\":{\"@type\":\"PropertyValueSpecification\",\"valueRequired\":true,\"valueName\":\"search_term_string\"}}],\"inLanguage\":\"fr-FR\"},{\"@type\":\"Organization\",\"@id\":\"https:\/\/www.erika-lang.at\/fr\/#organization\",\"name\":\"ERIKA LANG\",\"url\":\"https:\/\/www.erika-lang.at\/fr\/\",\"logo\":{\"@type\":\"ImageObject\",\"inLanguage\":\"fr-FR\",\"@id\":\"https:\/\/www.erika-lang.at\/fr\/#\/schema\/logo\/image\/\",\"url\":\"https:\/\/www.erika-lang.at\/wp-content\/uploads\/2023\/01\/logo_erika_lang.svg\",\"contentUrl\":\"https:\/\/www.erika-lang.at\/wp-content\/uploads\/2023\/01\/logo_erika_lang.svg\",\"caption\":\"ERIKA LANG\"},\"image\":{\"@id\":\"https:\/\/www.erika-lang.at\/fr\/#\/schema\/logo\/image\/\"},\"sameAs\":[\"https:\/\/www.facebook.com\/people\/Erika-Lang\/100005962758150\/\",\"https:\/\/www.instagram.com\/lang_erika\/\"]}]}<\/script>\n<!-- \/ Yoast SEO plugin. -->","yoast_head_json":{"title":"Contact | ERIKA LANG Design","robots":{"index":"index","follow":"follow","max-snippet":"max-snippet:-1","max-image-preview":"max-image-preview:large","max-video-preview":"max-video-preview:-1"},"canonical":"https:\/\/www.erika-lang.at\/fr\/contact\/","og_locale":"fr_FR","og_type":"article","og_title":"Contact | ERIKA LANG Design","og_description":"Suivez-moi sur Instagram &amp; Facebook \u00a0 Ou contacte-moi par mail\/t\u00e9l\u00e9phone Erika LangT +43 (0)699 81821525l.erika@gmx.at FAIRE SES ACHATS DANS LA BOUTIQUE EN LIGNE Tu es le bienvenu dans ma boutique en ligne!Chaque pi\u00e8ce est unique et fabriqu\u00e9e \u00e0 la main avec beaucoup de passion et d&rsquo;amour du d\u00e9tail.","og_url":"https:\/\/www.erika-lang.at\/fr\/contact\/","og_site_name":"ERIKA LANG Design","article_publisher":"https:\/\/www.facebook.com\/people\/Erika-Lang\/100005962758150\/","article_modified_time":"2023-10-05T14:25:46+00:00","og_image":[{"url":"https:\/\/neu.erika-lang.at\/wp-content\/uploads\/2023\/01\/kontakt_herobild.jpg"}],"twitter_card":"summary_large_image","twitter_misc":{"Dur\u00e9e de lecture estim\u00e9e":"2 minutes"},"schema":{"@context":"https:\/\/schema.org","@graph":[{"@type":"WebPage","@id":"https:\/\/www.erika-lang.at\/fr\/contact\/","url":"https:\/\/www.erika-lang.at\/fr\/contact\/","name":"Contact | ERIKA LANG Design","isPartOf":{"@id":"https:\/\/www.erika-lang.at\/fr\/#website"},"primaryImageOfPage":{"@id":"https:\/\/www.erika-lang.at\/fr\/contact\/#primaryimage"},"image":{"@id":"https:\/\/www.erika-lang.at\/fr\/contact\/#primaryimage"},"thumbnailUrl":"https:\/\/neu.erika-lang.at\/wp-content\/uploads\/2023\/01\/kontakt_herobild.jpg","datePublished":"2023-01-23T09:26:03+00:00","dateModified":"2023-10-05T14:25:46+00:00","breadcrumb":{"@id":"https:\/\/www.erika-lang.at\/fr\/contact\/#breadcrumb"},"inLanguage":"fr-FR","potentialAction":[{"@type":"ReadAction","target":["https:\/\/www.erika-lang.at\/fr\/contact\/"]}]},{"@type":"ImageObject","inLanguage":"fr-FR","@id":"https:\/\/www.erika-lang.at\/fr\/contact\/#primaryimage","url":"https:\/\/neu.erika-lang.at\/wp-content\/uploads\/2023\/01\/kontakt_herobild.jpg","contentUrl":"https:\/\/neu.erika-lang.at\/wp-content\/uploads\/2023\/01\/kontakt_herobild.jpg"},{"@type":"BreadcrumbList","@id":"https:\/\/www.erika-lang.at\/fr\/contact\/#breadcrumb","itemListElement":[{"@type":"ListItem","position":1,"name":"Startseite","item":"https:\/\/www.erika-lang.at\/fr\/"},{"@type":"ListItem","position":2,"name":"Contact"}]},{"@type":"WebSite","@id":"https:\/\/www.erika-lang.at\/fr\/#website","url":"https:\/\/www.erika-lang.at\/fr\/","name":"ERIKA LANG Design","description":"","publisher":{"@id":"https:\/\/www.erika-lang.at\/fr\/#organization"},"potentialAction":[{"@type":"SearchAction","target":{"@type":"EntryPoint","urlTemplate":"https:\/\/www.erika-lang.at\/fr\/?s={search_term_string}"},"query-input":{"@type":"PropertyValueSpecification","valueRequired":true,"valueName":"search_term_string"}}],"inLanguage":"fr-FR"},{"@type":"Organization","@id":"https:\/\/www.erika-lang.at\/fr\/#organization","name":"ERIKA LANG","url":"https:\/\/www.erika-lang.at\/fr\/","logo":{"@type":"ImageObject","inLanguage":"fr-FR","@id":"https:\/\/www.erika-lang.at\/fr\/#\/schema\/logo\/image\/","url":"https:\/\/www.erika-lang.at\/wp-content\/uploads\/2023\/01\/logo_erika_lang.svg","contentUrl":"https:\/\/www.erika-lang.at\/wp-content\/uploads\/2023\/01\/logo_erika_lang.svg","caption":"ERIKA LANG"},"image":{"@id":"https:\/\/www.erika-lang.at\/fr\/#\/schema\/logo\/image\/"},"sameAs":["https:\/\/www.facebook.com\/people\/Erika-Lang\/100005962758150\/","https:\/\/www.instagram.com\/lang_erika\/"]}]}},"_links":{"self":[{"href":"https:\/\/www.erika-lang.at\/fr\/wp-json\/wp\/v2\/pages\/1334","targetHints":{"allow":["GET"]}}],"collection":[{"href":"https:\/\/www.erika-lang.at\/fr\/wp-json\/wp\/v2\/pages"}],"about":[{"href":"https:\/\/www.erika-lang.at\/fr\/wp-json\/wp\/v2\/types\/page"}],"author":[{"embeddable":true,"href":"https:\/\/www.erika-lang.at\/fr\/wp-json\/wp\/v2\/users\/1"}],"replies":[{"embeddable":true,"href":"https:\/\/www.erika-lang.at\/fr\/wp-json\/wp\/v2\/comments?post=1334"}],"version-history":[{"count":4,"href":"https:\/\/www.erika-lang.at\/fr\/wp-json\/wp\/v2\/pages\/1334\/revisions"}],"predecessor-version":[{"id":1338,"href":"https:\/\/www.erika-lang.at\/fr\/wp-json\/wp\/v2\/pages\/1334\/revisions\/1338"}],"wp:attachment":[{"href":"https:\/\/www.erika-lang.at\/fr\/wp-json\/wp\/v2\/media?parent=1334"}],"curies":[{"name":"wp","href":"https:\/\/api.w.org\/{rel}","templated":true}]}}