{"id":1367,"date":"2023-01-23T10:25:36","date_gmt":"2023-01-23T09:25:36","guid":{"rendered":"https:\/\/neu.erika-lang.at\/?page_id=1367"},"modified":"2024-09-23T10:55:18","modified_gmt":"2024-09-23T08:55:18","slug":"atelier","status":"publish","type":"page","link":"https:\/\/www.erika-lang.at\/fr\/atelier\/","title":{"rendered":"Atelier"},"content":{"rendered":"\t\t<div data-elementor-type=\"wp-page\" data-elementor-id=\"1367\" class=\"elementor elementor-1367\">\n\t\t\t\t\t\t<section class=\"elementor-section elementor-top-section elementor-element elementor-element-18b7a49 elementor-section-boxed elementor-section-height-default elementor-section-height-default\" data-id=\"18b7a49\" data-element_type=\"section\" data-settings=\"{&quot;background_background&quot;:&quot;classic&quot;}\">\n\t\t\t\t\t\t<div class=\"elementor-container elementor-column-gap-default\">\n\t\t\t\t\t<div class=\"elementor-column elementor-col-100 elementor-top-column elementor-element elementor-element-94f9124\" data-id=\"94f9124\" data-element_type=\"column\">\n\t\t\t<div class=\"elementor-widget-wrap elementor-element-populated\">\n\t\t\t\t\t\t<div class=\"elementor-element elementor-element-061f1ed elementor-widget elementor-widget-image\" data-id=\"061f1ed\" data-element_type=\"widget\" data-widget_type=\"image.default\">\n\t\t\t\t<div class=\"elementor-widget-container\">\n\t\t\t\t\t\t\t\t\t\t\t\t\t<img fetchpriority=\"high\" decoding=\"async\" width=\"1640\" height=\"922\" src=\"https:\/\/www.erika-lang.at\/wp-content\/uploads\/2023\/01\/werkstatt_herobild_2.jpg\" class=\"attachment-full size-full wp-image-994\" alt=\"Erika an der Stanzmaschine\" srcset=\"https:\/\/www.erika-lang.at\/wp-content\/uploads\/2023\/01\/werkstatt_herobild_2.jpg 1640w, https:\/\/www.erika-lang.at\/wp-content\/uploads\/2023\/01\/werkstatt_herobild_2-300x169.jpg 300w, https:\/\/www.erika-lang.at\/wp-content\/uploads\/2023\/01\/werkstatt_herobild_2-1024x576.jpg 1024w, https:\/\/www.erika-lang.at\/wp-content\/uploads\/2023\/01\/werkstatt_herobild_2-768x432.jpg 768w, https:\/\/www.erika-lang.at\/wp-content\/uploads\/2023\/01\/werkstatt_herobild_2-1536x864.jpg 1536w\" sizes=\"(max-width: 1640px) 100vw, 1640px\" \/>\t\t\t\t\t\t\t\t\t\t\t\t\t<\/div>\n\t\t\t\t<\/div>\n\t\t\t\t\t<\/div>\n\t\t<\/div>\n\t\t\t\t\t<\/div>\n\t\t<\/section>\n\t\t\t\t<section class=\"elementor-section elementor-top-section elementor-element elementor-element-ef7e580 elementor-section-boxed elementor-section-height-default elementor-section-height-default\" data-id=\"ef7e580\" data-element_type=\"section\" data-settings=\"{&quot;background_background&quot;:&quot;classic&quot;}\">\n\t\t\t\t\t\t<div class=\"elementor-container elementor-column-gap-default\">\n\t\t\t\t\t<div class=\"elementor-column elementor-col-100 elementor-top-column elementor-element elementor-element-8268434\" data-id=\"8268434\" data-element_type=\"column\">\n\t\t\t<div class=\"elementor-widget-wrap elementor-element-populated\">\n\t\t\t\t\t\t<div class=\"elementor-element elementor-element-08cb20a elementor-widget elementor-widget-heading\" data-id=\"08cb20a\" data-element_type=\"widget\" data-widget_type=\"heading.default\">\n\t\t\t\t<div class=\"elementor-widget-container\">\n\t\t\t<h1 class=\"elementor-heading-title elementor-size-default\">Mon monde, mon bonheur, mon atelier!\n<\/h1>\t\t<\/div>\n\t\t\t\t<\/div>\n\t\t\t\t\t<\/div>\n\t\t<\/div>\n\t\t\t\t\t<\/div>\n\t\t<\/section>\n\t\t\t\t<section class=\"elementor-section elementor-top-section elementor-element elementor-element-ba54d96 elementor-section-boxed elementor-section-height-default elementor-section-height-default\" data-id=\"ba54d96\" data-element_type=\"section\" data-settings=\"{&quot;background_background&quot;:&quot;classic&quot;}\">\n\t\t\t\t\t\t<div class=\"elementor-container elementor-column-gap-default\">\n\t\t\t\t\t<div class=\"elementor-column elementor-col-50 elementor-top-column elementor-element elementor-element-c0a614f\" data-id=\"c0a614f\" data-element_type=\"column\">\n\t\t\t<div class=\"elementor-widget-wrap elementor-element-populated\">\n\t\t\t\t\t\t<div class=\"elementor-element elementor-element-9bf8641 elementor-widget elementor-widget-image\" data-id=\"9bf8641\" data-element_type=\"widget\" data-widget_type=\"image.default\">\n\t\t\t\t<div class=\"elementor-widget-container\">\n\t\t\t\t\t\t\t\t\t\t\t\t\t<img decoding=\"async\" width=\"660\" height=\"989\" src=\"https:\/\/www.erika-lang.at\/wp-content\/uploads\/2023\/01\/werkstatt_pic_210802_Erika_Lang_01_1838.jpg\" class=\"attachment-full size-full wp-image-316\" alt=\"\" srcset=\"https:\/\/www.erika-lang.at\/wp-content\/uploads\/2023\/01\/werkstatt_pic_210802_Erika_Lang_01_1838.jpg 660w, https:\/\/www.erika-lang.at\/wp-content\/uploads\/2023\/01\/werkstatt_pic_210802_Erika_Lang_01_1838-200x300.jpg 200w\" sizes=\"(max-width: 660px) 100vw, 660px\" \/>\t\t\t\t\t\t\t\t\t\t\t\t\t<\/div>\n\t\t\t\t<\/div>\n\t\t\t\t\t<\/div>\n\t\t<\/div>\n\t\t\t\t<div class=\"elementor-column elementor-col-50 elementor-top-column elementor-element elementor-element-e51739a\" data-id=\"e51739a\" data-element_type=\"column\">\n\t\t\t<div class=\"elementor-widget-wrap elementor-element-populated\">\n\t\t\t\t\t\t<div class=\"elementor-element elementor-element-499e22b elementor-widget elementor-widget-text-editor\" data-id=\"499e22b\" data-element_type=\"widget\" data-widget_type=\"text-editor.default\">\n\t\t\t\t<div class=\"elementor-widget-container\">\n\t\t\t\t\t\t\t<p>Mon atelier bien \u00e9quip\u00e9 et confortable \u00e0 Linz est le coeur et le centre de mon travail. J\u2019aime y passer beaucoup de temps.<br \/>L\u2019atelier est l\u2019endroit o\u00f9 je peux laisser libre cours \u00e0 ma cr\u00e9ativit\u00e9 et le \u00ab lieu de naissance \u00bb de tous mes produits.<\/p>\t\t\t\t\t\t<\/div>\n\t\t\t\t<\/div>\n\t\t\t\t\t<\/div>\n\t\t<\/div>\n\t\t\t\t\t<\/div>\n\t\t<\/section>\n\t\t\t\t<section class=\"elementor-section elementor-top-section elementor-element elementor-element-b708d1e elementor-section-boxed elementor-section-height-default elementor-section-height-default\" data-id=\"b708d1e\" data-element_type=\"section\" data-settings=\"{&quot;background_background&quot;:&quot;classic&quot;}\">\n\t\t\t\t\t\t<div class=\"elementor-container elementor-column-gap-default\">\n\t\t\t\t\t<div class=\"elementor-column elementor-col-50 elementor-top-column elementor-element elementor-element-61099be\" data-id=\"61099be\" data-element_type=\"column\">\n\t\t\t<div class=\"elementor-widget-wrap elementor-element-populated\">\n\t\t\t\t\t\t<div class=\"elementor-element elementor-element-1020400 elementor-widget elementor-widget-image\" data-id=\"1020400\" data-element_type=\"widget\" data-widget_type=\"image.default\">\n\t\t\t\t<div class=\"elementor-widget-container\">\n\t\t\t\t\t\t\t\t\t\t\t\t\t<img decoding=\"async\" width=\"800\" height=\"553\" src=\"https:\/\/www.erika-lang.at\/wp-content\/uploads\/2023\/01\/werkstatt_raster_pic_1.jpg\" class=\"attachment-full size-full wp-image-330\" alt=\"Detailaufnahme eines Taschenverschlusses\" srcset=\"https:\/\/www.erika-lang.at\/wp-content\/uploads\/2023\/01\/werkstatt_raster_pic_1.jpg 800w, https:\/\/www.erika-lang.at\/wp-content\/uploads\/2023\/01\/werkstatt_raster_pic_1-300x207.jpg 300w, https:\/\/www.erika-lang.at\/wp-content\/uploads\/2023\/01\/werkstatt_raster_pic_1-768x531.jpg 768w\" sizes=\"(max-width: 800px) 100vw, 800px\" \/>\t\t\t\t\t\t\t\t\t\t\t\t\t<\/div>\n\t\t\t\t<\/div>\n\t\t\t\t<div class=\"elementor-element elementor-element-f8789ef elementor-widget elementor-widget-image\" data-id=\"f8789ef\" data-element_type=\"widget\" data-widget_type=\"image.default\">\n\t\t\t\t<div class=\"elementor-widget-container\">\n\t\t\t\t\t\t\t\t\t\t\t\t\t<img loading=\"lazy\" decoding=\"async\" width=\"800\" height=\"553\" src=\"https:\/\/www.erika-lang.at\/wp-content\/uploads\/2023\/01\/werkstatt_raster_pic_3_neu.jpg\" class=\"attachment-full size-full wp-image-1002\" alt=\"N\u00e4hmaschine in der Werkstatt mit Garnrollen an der Wand\" srcset=\"https:\/\/www.erika-lang.at\/wp-content\/uploads\/2023\/01\/werkstatt_raster_pic_3_neu.jpg 800w, https:\/\/www.erika-lang.at\/wp-content\/uploads\/2023\/01\/werkstatt_raster_pic_3_neu-300x207.jpg 300w, https:\/\/www.erika-lang.at\/wp-content\/uploads\/2023\/01\/werkstatt_raster_pic_3_neu-768x531.jpg 768w\" sizes=\"(max-width: 800px) 100vw, 800px\" \/>\t\t\t\t\t\t\t\t\t\t\t\t\t<\/div>\n\t\t\t\t<\/div>\n\t\t\t\t\t<\/div>\n\t\t<\/div>\n\t\t\t\t<div class=\"elementor-column elementor-col-50 elementor-top-column elementor-element elementor-element-fc6fa5f\" data-id=\"fc6fa5f\" data-element_type=\"column\">\n\t\t\t<div class=\"elementor-widget-wrap elementor-element-populated\">\n\t\t\t\t\t\t<div class=\"elementor-element elementor-element-be4519a elementor-widget elementor-widget-image\" data-id=\"be4519a\" data-element_type=\"widget\" data-widget_type=\"image.default\">\n\t\t\t\t<div class=\"elementor-widget-container\">\n\t\t\t\t\t\t\t\t\t\t\t\t\t<img loading=\"lazy\" decoding=\"async\" width=\"800\" height=\"553\" src=\"https:\/\/www.erika-lang.at\/wp-content\/uploads\/2023\/01\/werkstatt_raster_pic_2.jpg\" class=\"attachment-large size-large wp-image-331\" alt=\"Nahaufnahme der N\u00e4hmaschine beim N\u00e4hen eines gr\u00fcnen Stoffes\" srcset=\"https:\/\/www.erika-lang.at\/wp-content\/uploads\/2023\/01\/werkstatt_raster_pic_2.jpg 800w, https:\/\/www.erika-lang.at\/wp-content\/uploads\/2023\/01\/werkstatt_raster_pic_2-300x207.jpg 300w, https:\/\/www.erika-lang.at\/wp-content\/uploads\/2023\/01\/werkstatt_raster_pic_2-768x531.jpg 768w\" sizes=\"(max-width: 800px) 100vw, 800px\" \/>\t\t\t\t\t\t\t\t\t\t\t\t\t<\/div>\n\t\t\t\t<\/div>\n\t\t\t\t<div class=\"elementor-element elementor-element-b000d22 elementor-widget elementor-widget-image\" data-id=\"b000d22\" data-element_type=\"widget\" data-widget_type=\"image.default\">\n\t\t\t\t<div class=\"elementor-widget-container\">\n\t\t\t\t\t\t\t\t\t\t\t\t\t<img loading=\"lazy\" decoding=\"async\" width=\"800\" height=\"553\" src=\"https:\/\/www.erika-lang.at\/wp-content\/uploads\/2023\/01\/werkstatt_raster_pic_4.jpg\" class=\"attachment-large size-large wp-image-329\" alt=\"Erika beim Schlie\u00dfen einer selbstgen\u00e4hten Tasche\" srcset=\"https:\/\/www.erika-lang.at\/wp-content\/uploads\/2023\/01\/werkstatt_raster_pic_4.jpg 800w, https:\/\/www.erika-lang.at\/wp-content\/uploads\/2023\/01\/werkstatt_raster_pic_4-300x207.jpg 300w, https:\/\/www.erika-lang.at\/wp-content\/uploads\/2023\/01\/werkstatt_raster_pic_4-768x531.jpg 768w\" sizes=\"(max-width: 800px) 100vw, 800px\" \/>\t\t\t\t\t\t\t\t\t\t\t\t\t<\/div>\n\t\t\t\t<\/div>\n\t\t\t\t\t<\/div>\n\t\t<\/div>\n\t\t\t\t\t<\/div>\n\t\t<\/section>\n\t\t\t\t<section class=\"elementor-section elementor-top-section elementor-element elementor-element-ce5382a claim-container elementor-section-boxed elementor-section-height-default elementor-section-height-default\" data-id=\"ce5382a\" data-element_type=\"section\">\n\t\t\t\t\t\t<div class=\"elementor-container elementor-column-gap-default\">\n\t\t\t\t\t<div class=\"elementor-column elementor-col-100 elementor-top-column elementor-element elementor-element-2040a33\" data-id=\"2040a33\" data-element_type=\"column\">\n\t\t\t<div class=\"elementor-widget-wrap elementor-element-populated\">\n\t\t\t\t\t\t<div class=\"elementor-element elementor-element-3b1dcd3 elementor-widget elementor-widget-image\" data-id=\"3b1dcd3\" data-element_type=\"widget\" data-widget_type=\"image.default\">\n\t\t\t\t<div class=\"elementor-widget-container\">\n\t\t\t\t\t\t\t\t\t\t\t\t\t<img loading=\"lazy\" decoding=\"async\" width=\"500\" height=\"106\" src=\"https:\/\/www.erika-lang.at\/wp-content\/uploads\/2023\/01\/svg_handmade-carries-a-soul.svg\" class=\"attachment-large size-large wp-image-548\" alt=\"\" \/>\t\t\t\t\t\t\t\t\t\t\t\t\t<\/div>\n\t\t\t\t<\/div>\n\t\t\t\t\t<\/div>\n\t\t<\/div>\n\t\t\t\t\t<\/div>\n\t\t<\/section>\n\t\t\t\t<\/div>\n\t\t","protected":false},"excerpt":{"rendered":"<p>Mon monde, mon bonheur, mon atelier! Mon atelier bien \u00e9quip\u00e9 et confortable \u00e0 Linz est le coeur et le centre de mon travail. J\u2019aime y passer beaucoup de temps.L\u2019atelier est l\u2019endroit o\u00f9 je peux laisser libre cours \u00e0 ma cr\u00e9ativit\u00e9 et le \u00ab lieu de naissance \u00bb de tous mes produits.<\/p>\n","protected":false},"author":1,"featured_media":0,"parent":0,"menu_order":0,"comment_status":"closed","ping_status":"closed","template":"","meta":{"_acf_changed":false,"footnotes":""},"class_list":["post-1367","page","type-page","status-publish","hentry"],"acf":[],"yoast_head":"<!-- This site is optimized with the Yoast SEO plugin v23.4 - https:\/\/yoast.com\/wordpress\/plugins\/seo\/ -->\n<title>Atelier | ERIKA LANG Design<\/title>\n<meta name=\"robots\" content=\"index, follow, max-snippet:-1, max-image-preview:large, max-video-preview:-1\" \/>\n<link rel=\"canonical\" href=\"https:\/\/www.erika-lang.at\/fr\/atelier\/\" \/>\n<meta property=\"og:locale\" content=\"fr_FR\" \/>\n<meta property=\"og:type\" content=\"article\" \/>\n<meta property=\"og:title\" content=\"Atelier | ERIKA LANG Design\" \/>\n<meta property=\"og:description\" content=\"Mon monde, mon bonheur, mon atelier! Mon atelier bien \u00e9quip\u00e9 et confortable \u00e0 Linz est le coeur et le centre de mon travail. J\u2019aime y passer beaucoup de temps.L\u2019atelier est l\u2019endroit o\u00f9 je peux laisser libre cours \u00e0 ma cr\u00e9ativit\u00e9 et le \u00ab lieu de naissance \u00bb de tous mes produits.\" \/>\n<meta property=\"og:url\" content=\"https:\/\/www.erika-lang.at\/fr\/atelier\/\" \/>\n<meta property=\"og:site_name\" content=\"ERIKA LANG Design\" \/>\n<meta property=\"article:publisher\" content=\"https:\/\/www.facebook.com\/people\/Erika-Lang\/100005962758150\/\" \/>\n<meta property=\"article:modified_time\" content=\"2024-09-23T08:55:18+00:00\" \/>\n<meta property=\"og:image\" content=\"https:\/\/neu.erika-lang.at\/wp-content\/uploads\/2023\/01\/werkstatt_herobild_2.jpg\" \/>\n<meta name=\"twitter:card\" content=\"summary_large_image\" \/>\n<meta name=\"twitter:label1\" content=\"Dur\u00e9e de lecture estim\u00e9e\" \/>\n\t<meta name=\"twitter:data1\" content=\"2 minutes\" \/>\n<script type=\"application\/ld+json\" class=\"yoast-schema-graph\">{\"@context\":\"https:\/\/schema.org\",\"@graph\":[{\"@type\":\"WebPage\",\"@id\":\"https:\/\/www.erika-lang.at\/fr\/atelier\/\",\"url\":\"https:\/\/www.erika-lang.at\/fr\/atelier\/\",\"name\":\"Atelier | ERIKA LANG Design\",\"isPartOf\":{\"@id\":\"https:\/\/www.erika-lang.at\/fr\/#website\"},\"primaryImageOfPage\":{\"@id\":\"https:\/\/www.erika-lang.at\/fr\/atelier\/#primaryimage\"},\"image\":{\"@id\":\"https:\/\/www.erika-lang.at\/fr\/atelier\/#primaryimage\"},\"thumbnailUrl\":\"https:\/\/neu.erika-lang.at\/wp-content\/uploads\/2023\/01\/werkstatt_herobild_2.jpg\",\"datePublished\":\"2023-01-23T09:25:36+00:00\",\"dateModified\":\"2024-09-23T08:55:18+00:00\",\"breadcrumb\":{\"@id\":\"https:\/\/www.erika-lang.at\/fr\/atelier\/#breadcrumb\"},\"inLanguage\":\"fr-FR\",\"potentialAction\":[{\"@type\":\"ReadAction\",\"target\":[\"https:\/\/www.erika-lang.at\/fr\/atelier\/\"]}]},{\"@type\":\"ImageObject\",\"inLanguage\":\"fr-FR\",\"@id\":\"https:\/\/www.erika-lang.at\/fr\/atelier\/#primaryimage\",\"url\":\"https:\/\/neu.erika-lang.at\/wp-content\/uploads\/2023\/01\/werkstatt_herobild_2.jpg\",\"contentUrl\":\"https:\/\/neu.erika-lang.at\/wp-content\/uploads\/2023\/01\/werkstatt_herobild_2.jpg\"},{\"@type\":\"BreadcrumbList\",\"@id\":\"https:\/\/www.erika-lang.at\/fr\/atelier\/#breadcrumb\",\"itemListElement\":[{\"@type\":\"ListItem\",\"position\":1,\"name\":\"Startseite\",\"item\":\"https:\/\/www.erika-lang.at\/fr\/\"},{\"@type\":\"ListItem\",\"position\":2,\"name\":\"Atelier\"}]},{\"@type\":\"WebSite\",\"@id\":\"https:\/\/www.erika-lang.at\/fr\/#website\",\"url\":\"https:\/\/www.erika-lang.at\/fr\/\",\"name\":\"ERIKA LANG Design\",\"description\":\"\",\"publisher\":{\"@id\":\"https:\/\/www.erika-lang.at\/fr\/#organization\"},\"potentialAction\":[{\"@type\":\"SearchAction\",\"target\":{\"@type\":\"EntryPoint\",\"urlTemplate\":\"https:\/\/www.erika-lang.at\/fr\/?s={search_term_string}\"},\"query-input\":{\"@type\":\"PropertyValueSpecification\",\"valueRequired\":true,\"valueName\":\"search_term_string\"}}],\"inLanguage\":\"fr-FR\"},{\"@type\":\"Organization\",\"@id\":\"https:\/\/www.erika-lang.at\/fr\/#organization\",\"name\":\"ERIKA LANG\",\"url\":\"https:\/\/www.erika-lang.at\/fr\/\",\"logo\":{\"@type\":\"ImageObject\",\"inLanguage\":\"fr-FR\",\"@id\":\"https:\/\/www.erika-lang.at\/fr\/#\/schema\/logo\/image\/\",\"url\":\"https:\/\/www.erika-lang.at\/wp-content\/uploads\/2023\/01\/logo_erika_lang.svg\",\"contentUrl\":\"https:\/\/www.erika-lang.at\/wp-content\/uploads\/2023\/01\/logo_erika_lang.svg\",\"caption\":\"ERIKA LANG\"},\"image\":{\"@id\":\"https:\/\/www.erika-lang.at\/fr\/#\/schema\/logo\/image\/\"},\"sameAs\":[\"https:\/\/www.facebook.com\/people\/Erika-Lang\/100005962758150\/\",\"https:\/\/www.instagram.com\/lang_erika\/\"]}]}<\/script>\n<!-- \/ Yoast SEO plugin. -->","yoast_head_json":{"title":"Atelier | ERIKA LANG Design","robots":{"index":"index","follow":"follow","max-snippet":"max-snippet:-1","max-image-preview":"max-image-preview:large","max-video-preview":"max-video-preview:-1"},"canonical":"https:\/\/www.erika-lang.at\/fr\/atelier\/","og_locale":"fr_FR","og_type":"article","og_title":"Atelier | ERIKA LANG Design","og_description":"Mon monde, mon bonheur, mon atelier! Mon atelier bien \u00e9quip\u00e9 et confortable \u00e0 Linz est le coeur et le centre de mon travail. J\u2019aime y passer beaucoup de temps.L\u2019atelier est l\u2019endroit o\u00f9 je peux laisser libre cours \u00e0 ma cr\u00e9ativit\u00e9 et le \u00ab lieu de naissance \u00bb de tous mes produits.","og_url":"https:\/\/www.erika-lang.at\/fr\/atelier\/","og_site_name":"ERIKA LANG Design","article_publisher":"https:\/\/www.facebook.com\/people\/Erika-Lang\/100005962758150\/","article_modified_time":"2024-09-23T08:55:18+00:00","og_image":[{"url":"https:\/\/neu.erika-lang.at\/wp-content\/uploads\/2023\/01\/werkstatt_herobild_2.jpg"}],"twitter_card":"summary_large_image","twitter_misc":{"Dur\u00e9e de lecture estim\u00e9e":"2 minutes"},"schema":{"@context":"https:\/\/schema.org","@graph":[{"@type":"WebPage","@id":"https:\/\/www.erika-lang.at\/fr\/atelier\/","url":"https:\/\/www.erika-lang.at\/fr\/atelier\/","name":"Atelier | ERIKA LANG Design","isPartOf":{"@id":"https:\/\/www.erika-lang.at\/fr\/#website"},"primaryImageOfPage":{"@id":"https:\/\/www.erika-lang.at\/fr\/atelier\/#primaryimage"},"image":{"@id":"https:\/\/www.erika-lang.at\/fr\/atelier\/#primaryimage"},"thumbnailUrl":"https:\/\/neu.erika-lang.at\/wp-content\/uploads\/2023\/01\/werkstatt_herobild_2.jpg","datePublished":"2023-01-23T09:25:36+00:00","dateModified":"2024-09-23T08:55:18+00:00","breadcrumb":{"@id":"https:\/\/www.erika-lang.at\/fr\/atelier\/#breadcrumb"},"inLanguage":"fr-FR","potentialAction":[{"@type":"ReadAction","target":["https:\/\/www.erika-lang.at\/fr\/atelier\/"]}]},{"@type":"ImageObject","inLanguage":"fr-FR","@id":"https:\/\/www.erika-lang.at\/fr\/atelier\/#primaryimage","url":"https:\/\/neu.erika-lang.at\/wp-content\/uploads\/2023\/01\/werkstatt_herobild_2.jpg","contentUrl":"https:\/\/neu.erika-lang.at\/wp-content\/uploads\/2023\/01\/werkstatt_herobild_2.jpg"},{"@type":"BreadcrumbList","@id":"https:\/\/www.erika-lang.at\/fr\/atelier\/#breadcrumb","itemListElement":[{"@type":"ListItem","position":1,"name":"Startseite","item":"https:\/\/www.erika-lang.at\/fr\/"},{"@type":"ListItem","position":2,"name":"Atelier"}]},{"@type":"WebSite","@id":"https:\/\/www.erika-lang.at\/fr\/#website","url":"https:\/\/www.erika-lang.at\/fr\/","name":"ERIKA LANG Design","description":"","publisher":{"@id":"https:\/\/www.erika-lang.at\/fr\/#organization"},"potentialAction":[{"@type":"SearchAction","target":{"@type":"EntryPoint","urlTemplate":"https:\/\/www.erika-lang.at\/fr\/?s={search_term_string}"},"query-input":{"@type":"PropertyValueSpecification","valueRequired":true,"valueName":"search_term_string"}}],"inLanguage":"fr-FR"},{"@type":"Organization","@id":"https:\/\/www.erika-lang.at\/fr\/#organization","name":"ERIKA LANG","url":"https:\/\/www.erika-lang.at\/fr\/","logo":{"@type":"ImageObject","inLanguage":"fr-FR","@id":"https:\/\/www.erika-lang.at\/fr\/#\/schema\/logo\/image\/","url":"https:\/\/www.erika-lang.at\/wp-content\/uploads\/2023\/01\/logo_erika_lang.svg","contentUrl":"https:\/\/www.erika-lang.at\/wp-content\/uploads\/2023\/01\/logo_erika_lang.svg","caption":"ERIKA LANG"},"image":{"@id":"https:\/\/www.erika-lang.at\/fr\/#\/schema\/logo\/image\/"},"sameAs":["https:\/\/www.facebook.com\/people\/Erika-Lang\/100005962758150\/","https:\/\/www.instagram.com\/lang_erika\/"]}]}},"_links":{"self":[{"href":"https:\/\/www.erika-lang.at\/fr\/wp-json\/wp\/v2\/pages\/1367","targetHints":{"allow":["GET"]}}],"collection":[{"href":"https:\/\/www.erika-lang.at\/fr\/wp-json\/wp\/v2\/pages"}],"about":[{"href":"https:\/\/www.erika-lang.at\/fr\/wp-json\/wp\/v2\/types\/page"}],"author":[{"embeddable":true,"href":"https:\/\/www.erika-lang.at\/fr\/wp-json\/wp\/v2\/users\/1"}],"replies":[{"embeddable":true,"href":"https:\/\/www.erika-lang.at\/fr\/wp-json\/wp\/v2\/comments?post=1367"}],"version-history":[{"count":7,"href":"https:\/\/www.erika-lang.at\/fr\/wp-json\/wp\/v2\/pages\/1367\/revisions"}],"predecessor-version":[{"id":1416,"href":"https:\/\/www.erika-lang.at\/fr\/wp-json\/wp\/v2\/pages\/1367\/revisions\/1416"}],"wp:attachment":[{"href":"https:\/\/www.erika-lang.at\/fr\/wp-json\/wp\/v2\/media?parent=1367"}],"curies":[{"name":"wp","href":"https:\/\/api.w.org\/{rel}","templated":true}]}}